{"id":102,"date":"2023-01-30T16:54:39","date_gmt":"2023-01-30T16:54:39","guid":{"rendered":"https:\/\/branded.staging.myfinancial-life.com\/fundamentos-financieros\/entendiendo-el-credito\/"},"modified":"2024-01-25T18:45:20","modified_gmt":"2024-01-25T18:45:20","slug":"entendiendo-el-credito","status":"publish","type":"page","link":"https:\/\/branded.staging.myfinancial-life.com\/es\/fundamentos-financieros\/entendiendo-el-credito\/","title":{"rendered":"Convi\u00e9rtete en un Maestro del Cr\u00e9dito"},"content":{"rendered":"\n<h2 class=\"wp-block-heading\" id=\"Eduquese-en-el-mundo-del-credito\">Ed\u00faquese en el mundo del cr\u00e9dito<\/h2>\n\n\n\n<p>Utilizar el cr\u00e9dito se ha generalizado. La gente lo usa todos los d\u00edas en la compra de casas, autom\u00f3viles, tiendas de comestibles, e incluso algo tan barato como una pizza. Pero la mayor\u00eda de la gente no entiende el uso del cr\u00e9dito.<\/p>\n\n\n\n<p>Es por eso que muchas personas tienen deudas o no puede pagar una hipoteca o pr\u00e9stamo de auto. Nuestras herramientas avanzadas pueden cambiar eso. Estas herramientas le educan sobre los distintos tipos de cr\u00e9dito y c\u00f3mo puede mejorar su historial de cr\u00e9dito, puntaje de cr\u00e9dito, y su salud financiera.<\/p>\n\n\n\n<h3 class=\"wp-block-heading\" id=\"Hora-de-tomar-un-Quiz\">\u00a1Hora de tomar un Quiz!<\/h3>\n\n\n\n<p><strong>Antes de empezar, tome esta prueba r\u00e1pida para ver cu\u00e1nto sabe sobre el cr\u00e9dito. Esto ayudar\u00e1 a medir la cantidad de tiempo que necesita para asumir esta secci\u00f3n.<\/strong><\/p>\n\n\n\n<div class=\"wp-block-group container rounded-2xl p-10 flashcard has-kofe-info-background-color has-background has-global-padding is-layout-constrained wp-block-group-is-layout-constrained\">\n<h3 class=\"wp-block-heading\">\u00bfQu\u00e9 tan pronto debe revisar su cr\u00e9dito antes de una compra importante?<\/h3>\n\n\n\n<div class=\"wp-block-group answers has-global-padding is-layout-constrained wp-block-group-is-layout-constrained\">\n<p><strong>A.<\/strong>&nbsp;El prestamista lo debe comprobar por ti cuando aplicas<\/p>\n\n\n\n<p><strong>B.<\/strong> Al menos seis semanas antes<\/p>\n\n\n\n<p class=\"correct\"><strong>C.<\/strong> Por lo menos seis meses antes<\/p>\n\n\n\n<p><strong>D.<\/strong> Cualquier compra que requiere una verificaci\u00f3n de cr\u00e9dito es demasiado caro de todos modos<\/p>\n<\/div>\n\n\n\n<div class=\"wp-block-buttons is-layout-flex wp-block-buttons-is-layout-flex\">\n<div class=\"wp-block-button revealbtn\"><a class=\"wp-block-button__link has-kofe-secondary-background-color has-background wp-element-button\">Mostrar Respuesta<\/a><\/div>\n<\/div>\n<\/div>\n\n\n\n<div class=\"wp-block-group container rounded-2xl p-10 flashcard has-kofe-info-background-color has-background has-global-padding is-layout-constrained wp-block-group-is-layout-constrained\">\n<h3 class=\"wp-block-heading\">\u00bfQu\u00e9 tipo de tarjeta de cr\u00e9dito debe obtener con mal cr\u00e9dito o sin calificaci\u00f3n de cr\u00e9dito?<\/h3>\n\n\n\n<div class=\"wp-block-group answers has-global-padding is-layout-constrained wp-block-group-is-layout-constrained\">\n<p><strong>A.<\/strong> Cualquiera, siempre y cuando se encuentre un fiador<\/p>\n\n\n\n<p class=\"correct\"><strong>B.<\/strong> Asegurada<\/p>\n\n\n\n<p><strong>C.<\/strong> Remediadora<\/p>\n\n\n\n<p><strong>D.<\/strong> De prueba<\/p>\n<\/div>\n\n\n\n<div class=\"wp-block-buttons is-layout-flex wp-block-buttons-is-layout-flex\">\n<div class=\"wp-block-button revealbtn\"><a class=\"wp-block-button__link has-kofe-secondary-background-color has-background wp-element-button\">Mostrar Respuesta<\/a><\/div>\n<\/div>\n<\/div>\n\n\n\n<h3 class=\"wp-block-heading\" id=\"Tipos-de-cr\u00e9dito\">Tipos de cr\u00e9dito<\/h3>\n\n\n\n<p>Hay tres tipos de cr\u00e9dito. Cada uno es diferente, por lo que encontrar el tipo adecuado para tu situaci\u00f3n es esencial.<\/p>\n\n\n\n<ul class=\"wp-block-list\">\n<li>Cr\u00e9dito renovable abierto (con o sin garant\u00eda)<\/li>\n\n\n\n<li>Cr\u00e9dito abierto de 30 d\u00edas<\/li>\n\n\n\n<li>Cr\u00e9dito de extremo cerrado<\/li>\n<\/ul>\n\n\n\n<h3 class=\"wp-block-heading\" id=\"Una-apertura-de-cr\u00e9dito-renovable\">Una apertura de cr\u00e9dito renovable<\/h3>\n\n\n\n<p>El cr\u00e9dito renovable abierto se presenta en dos formas:<\/p>\n\n\n\n<ol class=\"wp-block-list\">\n<li><strong>Cr\u00e9dito Renovable Abierto Sin Garant\u00eda<\/strong><br>Tiene un l\u00edmite de cr\u00e9dito fijo y debe pagar al menos el pago m\u00ednimo cada mes. Las tasas de inter\u00e9s son generalmente m\u00e1s altas, especialmente si usted tiene un mal historial de cr\u00e9dito. Los ejemplos incluyen MasterCard, Visa y tarjetas de tiendas al por menor.<\/li>\n\n\n\n<li><strong>Cr\u00e9dito Renovable Abierto Con Garant\u00eda<\/strong><br>Las personas con mal cr\u00e9dito o ning\u00fan historial de cr\u00e9dito usan tarjetas aseguradas. Ellos requieren que se asegure las compras, manteniendo una cierta cantidad de dinero en una cuenta especial o haciendo un cierto dep\u00f3sito. Si usted no paga sus cuentas o se pasa de su l\u00edmite de cr\u00e9dito, el acreedor utiliza el dinero en su cuenta.<\/li>\n<\/ol>\n\n\n\n<h3 class=\"wp-block-heading\" id=\"Cr\u00e9dito-Abierto-de-30-d\u00edas\">Cr\u00e9dito Abierto de 30 d\u00edas<\/h3>\n\n\n\n<p>Cr\u00e9dito Abierto de 30 d\u00edas por lo general viene con un l\u00edmite de cr\u00e9dito alto, pero hay que pagar el saldo de su cuenta pendiente en su totalidad al final de cada mes. Una tarjeta American Express es el ejemplo m\u00e1s com\u00fan.<\/p>\n\n\n\n<h3 class=\"wp-block-heading\" id=\"Cr\u00e9dito-Cerrado\">Cr\u00e9dito Cerrado<\/h3>\n\n\n\n<p>Cr\u00e9dito cerrado es lo que obtienes cuando usted es aprobado para una hipoteca, un pr\u00e9stamo de auto, un pr\u00e9stamo de estudiante, o alguna compra similar.<\/p>\n\n\n\n<h3 class=\"wp-block-heading\" id=\"Mejorar-toda-su-experiencia-de-cr\u00e9dito\">Mejorar toda su experiencia de cr\u00e9dito<\/h3>\n\n\n\n<p>Mediante la utilizaci\u00f3n de nuestra amplia biblioteca de&nbsp;<a href=\"\/es\/aprende-ahora\/publicaciones-financieras\/\">Publicaciones Financieras<\/a>&nbsp;y&nbsp;<a href=\"\/es\/aprende-ahora\/videos-de-educacion-financiera\/\">Videos de Educaci\u00f3n Financiera<\/a>, pronto se convertir\u00e1 en un maestro de cr\u00e9dito. La mayor\u00eda de las personas retienen m\u00e1s conocimiento cuando pueden leer, visualizar, y utilizar m\u00e9todos de aprendizaje interactivos. Ofrecemos todo lo anterior.<\/p>\n\n\n\n<p>Usted aprender\u00e1 a:<\/p>\n\n\n\n<ul class=\"wp-block-list\">\n<li>Utilizar el cr\u00e9dito de manera responsable<\/li>\n\n\n\n<li>Mejorar su cr\u00e9dito<\/li>\n\n\n\n<li>Reparar y reconstruir su cr\u00e9dito<\/li>\n\n\n\n<li>Convertirse en un maestro de puntuaci\u00f3n de cr\u00e9dito<\/li>\n\n\n\n<li>Entender su estado de cuenta de tarjeta de cr\u00e9dito<\/li>\n<\/ul>\n\n\n\n<h3 class=\"wp-block-heading\" id=\"Los-informes-de-cr\u00e9dito\">Los informes de cr\u00e9dito<\/h3>\n\n\n\n<p>Usted puede obtener una copia gratis de su historial de cr\u00e9dito cada a\u00f1o cada uno de los tres buros de cr\u00e9dito. Para obtener su historial de cr\u00e9dito gratis, vaya a&nbsp;<a href=\"https:\/\/www.annualcreditreport.com\/\" target=\"_blank\" rel=\"noreferrer noopener\">www.annualcreditreport.com<\/a>, o llame gratis al, 877-322-8228. Para solicitar sus reportes por correo, envi\u00e9 una carta a:<\/p>\n\n\n\n<p>Annual Credit Report Request Service<br>P.O. Box 105281<br>Atlanta, GA 30348-5281<\/p>\n\n\n\n<p>Si usted necesita contactar a una o todas las tres agencias nacionales de cr\u00e9dito para disputer un error, o cualquier informaci\u00f3n en su reporte de cr\u00e9dito, use la siguiente informaci\u00f3n:<\/p>\n\n\n\n<div class=\"wp-block-columns is-layout-flex wp-container-core-columns-is-layout-28f84493 wp-block-columns-is-layout-flex\">\n<div class=\"wp-block-column is-layout-flow wp-block-column-is-layout-flow\">\n<p><strong>Equifax Information Services LLC<\/strong><br>P.O. Box 740256<br>Atlanta, GA 30374-0256<br><a href=\"https:\/\/www.equifax.com\/personal\/\" target=\"_blank\" rel=\"noreferrer noopener\">www.equifax.com\/personal<\/a><br>1-866-349-5191<\/p>\n<\/div>\n\n\n\n<div class=\"wp-block-column is-layout-flow wp-block-column-is-layout-flow\">\n<p><strong>Experian<\/strong><br>P.O. Box 4500<br>Allen, TX 75013<br><a href=\"https:\/\/www.experian.com\/disputes\/\" target=\"_blank\" rel=\"noreferrer noopener\">www.experian.com\/disputes<\/a><br>1-888-397-3742<\/p>\n<\/div>\n\n\n\n<div class=\"wp-block-column is-layout-flow wp-block-column-is-layout-flow\">\n<p><strong>TransUnion Consumer Solutions<\/strong><br>P.O. Box 2000<br>Chester, PA 19016-2000<br><a href=\"https:\/\/dispute.transunion.com\/\" target=\"_blank\" rel=\"noreferrer noopener\">Dispute.transunion.com<\/a><br>1-800-916-8800<\/p>\n<\/div>\n<\/div>\n\n\n\n<h3 class=\"wp-block-heading\" id=\"Escriba-una-carta-para-disputar-errores\">Escribir una carta para disputar errores<\/h3>\n\n\n\n<p>\u00bfQuieres solicitar un informe de cr\u00e9dito o corregir la informaci\u00f3n del informe? Aqu\u00ed est\u00e1n&nbsp;<a rel=\"noreferrer noopener\" href=\"\/es\/fundamentos-financieros\/entendiendo-el-credito\/modelos-de-cartas\/\" target=\"_blank\">Ejemplos de las cartas<\/a>&nbsp;para todas las posibilidades. Basta con a\u00f1adir su propia informaci\u00f3n y enviarla a la oficina de cr\u00e9dito adecuado.<\/p>\n","protected":false},"excerpt":{"rendered":"<p>Ed\u00faquese en el mundo del cr\u00e9dito Utilizar el cr\u00e9dito se ha generalizado. La gente lo usa todos los d\u00edas en la compra de casas, autom\u00f3viles, tiendas de comestibles, e incluso algo tan barato como una pizza. Pero la mayor\u00eda de la gente no entiende el uso del cr\u00e9dito. Es por eso que muchas personas tienen [&hellip;]<\/p>\n","protected":false},"author":1,"featured_media":265,"parent":96,"menu_order":0,"comment_status":"closed","ping_status":"closed","template":"page-sidebar","meta":{"_acf_changed":false,"footnotes":""},"categories":[],"tags":[28],"class_list":["post-102","page","type-page","status-publish","has-post-thumbnail","hentry","tag-entendiendo-credito"],"acf":[],"featured_image_src":"https:\/\/branded.staging.myfinancial-life.com\/wp-content\/uploads\/sites\/17\/2024\/01\/credit-score.jpg","featured_image_src_square":"https:\/\/branded.staging.myfinancial-life.com\/wp-content\/uploads\/sites\/17\/2024\/01\/credit-score.jpg","_links":{"self":[{"href":"https:\/\/branded.staging.myfinancial-life.com\/es\/wp-json\/wp\/v2\/pages\/102","targetHints":{"allow":["GET"]}}],"collection":[{"href":"https:\/\/branded.staging.myfinancial-life.com\/es\/wp-json\/wp\/v2\/pages"}],"about":[{"href":"https:\/\/branded.staging.myfinancial-life.com\/es\/wp-json\/wp\/v2\/types\/page"}],"author":[{"embeddable":true,"href":"https:\/\/branded.staging.myfinancial-life.com\/es\/wp-json\/wp\/v2\/users\/1"}],"replies":[{"embeddable":true,"href":"https:\/\/branded.staging.myfinancial-life.com\/es\/wp-json\/wp\/v2\/comments?post=102"}],"version-history":[{"count":1,"href":"https:\/\/branded.staging.myfinancial-life.com\/es\/wp-json\/wp\/v2\/pages\/102\/revisions"}],"predecessor-version":[{"id":198,"href":"https:\/\/branded.staging.myfinancial-life.com\/es\/wp-json\/wp\/v2\/pages\/102\/revisions\/198"}],"up":[{"embeddable":true,"href":"https:\/\/branded.staging.myfinancial-life.com\/es\/wp-json\/wp\/v2\/pages\/96"}],"wp:featuredmedia":[{"embeddable":true,"href":"https:\/\/branded.staging.myfinancial-life.com\/es\/wp-json\/wp\/v2\/media\/265"}],"wp:attachment":[{"href":"https:\/\/branded.staging.myfinancial-life.com\/es\/wp-json\/wp\/v2\/media?parent=102"}],"wp:term":[{"taxonomy":"category","embeddable":true,"href":"https:\/\/branded.staging.myfinancial-life.com\/es\/wp-json\/wp\/v2\/categories?post=102"},{"taxonomy":"post_tag","embeddable":true,"href":"https:\/\/branded.staging.myfinancial-life.com\/es\/wp-json\/wp\/v2\/tags?post=102"}],"curies":[{"name":"wp","href":"https:\/\/api.w.org\/{rel}","templated":true}]}}