{"id":103,"date":"2023-03-06T20:47:16","date_gmt":"2023-03-06T20:47:16","guid":{"rendered":"https:\/\/branded.staging.myfinancial-life.com\/fundamentos-financieros\/entendiendo-el-credito\/modelos-de-cartas\/"},"modified":"2024-01-23T14:54:53","modified_gmt":"2024-01-23T14:54:53","slug":"modelos-de-cartas","status":"publish","type":"page","link":"https:\/\/branded.staging.myfinancial-life.com\/es\/fundamentos-financieros\/entendiendo-el-credito\/modelos-de-cartas\/","title":{"rendered":"Modelos de Cartas"},"content":{"rendered":"\n<div class=\"wp-block-group alignfull bg-kofeInfo mt-0 has-global-padding is-layout-constrained wp-block-group-is-layout-constrained\">\n<div class=\"wp-block-group container py-20 has-global-padding is-layout-constrained wp-block-group-is-layout-constrained\">\n\n<h2 class=\"alignwide wp-block-post-title has-var-wp-custom-typography-font-size-huge-clamp-2-25-rem-4-vw-2-75-rem-font-size\">Modelos de Cartas<\/h2>\n\n\n<p>Cartas para disputar errores<\/p>\n\n\n\n<p class=\"text-12px\"><strong>Nota:<\/strong>&nbsp;Modelos de cartas de los buros de cr\u00e9dito que est\u00e1n disponibles en Ingl\u00e9s para ser enviadas a las diferentes agencias de cr\u00e9dito.<\/p>\n<\/div>\n<\/div>\n\n\n\n<div class=\"wp-block-group container has-global-padding is-layout-constrained wp-block-group-is-layout-constrained\">\n<div class=\"wp-block-columns is-layout-flex wp-container-core-columns-is-layout-28f84493 wp-block-columns-is-layout-flex\">\n<div class=\"wp-block-column is-layout-flow wp-block-column-is-layout-flow\">\n<h3 class=\"wp-block-heading\">Eqifax<\/h3>\n\n\n\n<ul class=\"wp-block-list\">\n<li><a href=\"\/Documents\/Equifax-Error-No-Such-Creditor.doc\">El Acreedor No Existe<\/a><\/li>\n\n\n\n<li><a href=\"\/Documents\/Equifax-Follow-Up-Correspondence.doc\">Seguimiento de Correspondencia con Equifax<\/a><\/li>\n\n\n\n<li><a href=\"\/Documents\/Equifax-Info-Confused.doc\">Informaci\u00f3n confundida con la de otros consumidores<\/a><\/li>\n\n\n\n<li><a href=\"\/Documents\/Equifax-Old-Employer-Listed.doc\">Old Employer Listed on Equifax Credit Report<\/a><\/li>\n\n\n\n<li><a href=\"\/Documents\/Equifax-Get-Items-Removed-Post-Bankruptcy.doc\">Las Deuda Eliminadas Despu\u00e9s de la Bancarrota<\/a><\/li>\n\n\n\n<li><a href=\"\/Documents\/Equifax-Item-Discharged-In-Bankruptcy.doc\">Deudas eliminadas en bancarrota que todav\u00eda aparece como deudas delincuentes<\/a><\/li>\n\n\n\n<li><a href=\"\/Documents\/Equifax-No-Response-After-30-Days.doc\">Sin Respuesta despu\u00e9s de 30 D\u00edas de Disputar Errores<\/a><\/li>\n\n\n\n<li><a href=\"\/Documents\/Equifax-Request-For-Deletion.doc\">Solicitud de Cambio de Informaci\u00f3n Crediticia Incorrecta<\/a><\/li>\n<\/ul>\n<\/div>\n\n\n\n<div class=\"wp-block-column is-layout-flow wp-block-column-is-layout-flow\">\n<h3 class=\"wp-block-heading\">Experian<\/h3>\n\n\n\n<ul class=\"wp-block-list\">\n<li><a href=\"\/Documents\/Experian-Error-No-Such-Creditor.doc\">El Acreedor No Existe<\/a><\/li>\n\n\n\n<li><a href=\"\/Documents\/Experian-Follow-Up-Correspondence.doc\">Seguimiento de Correspondencia con Experian<\/a><\/li>\n\n\n\n<li><a href=\"\/Documents\/Experian-Info-Confused.doc\">Informaci\u00f3n confundida con la de otros consumidores<\/a><\/li>\n\n\n\n<li><a href=\"\/Documents\/Experian-Old-Employer-Listed.doc\">Cuando informaci\u00f3n de su Antiguo Empleador Aparece en su Reporte de Cr\u00e9dito<\/a><\/li>\n\n\n\n<li><a href=\"\/Documents\/Experian-Get-Items-Removed-Post-Bankruptcy.doc\">Borrando Informaci\u00f3n Negativa de su Reporte de Cr\u00e9dito Despu\u00e9s de la Bancarrota<\/a><\/li>\n\n\n\n<li><a href=\"\/Documents\/Experian-Item-Discharged-In-Bankruptcy.doc\">Deudas eliminadas en bancarrota que todav\u00eda aparece c\u00f3mo deudas delincuentes<\/a><\/li>\n<\/ul>\n<\/div>\n\n\n\n<div class=\"wp-block-column is-layout-flow wp-block-column-is-layout-flow\">\n<h3 class=\"wp-block-heading\">TransUnion<\/h3>\n\n\n\n<ul class=\"wp-block-list\">\n<li><a href=\"\/Documents\/TransUnion-Error-No-Such-Creditor.doc\">El Acreedor No Existe<\/a><\/li>\n\n\n\n<li><a href=\"\/Documents\/TransUnion-Follow-Up-Correspondence.doc\">Seguimiento de Correspondencia con TransUnion<\/a><\/li>\n\n\n\n<li><a href=\"\/Documents\/TransUnion-Info-Confused.doc\">Informaci\u00f3n confundida con la de otros consumidores<\/a><\/li>\n\n\n\n<li><a href=\"\/Documents\/TransUnion-Old-Employer-Listed.doc\">Cuando informaci\u00f3n de su Antiguo Empleador Aparece en su Reporte de Cr\u00e9dito Trans Uni\u00f3n<\/a><\/li>\n<\/ul>\n<\/div>\n<\/div>\n<\/div>\n","protected":false},"excerpt":{"rendered":"<p>Cartas para disputar errores Nota:&nbsp;Modelos de cartas de los buros de cr\u00e9dito que est\u00e1n disponibles en Ingl\u00e9s para ser enviadas a las diferentes agencias de cr\u00e9dito. Eqifax Experian TransUnion<\/p>\n","protected":false},"author":1,"featured_media":5266,"parent":102,"menu_order":0,"comment_status":"closed","ping_status":"closed","template":"full-width","meta":{"_acf_changed":false,"footnotes":""},"categories":[],"tags":[],"class_list":["post-103","page","type-page","status-publish","has-post-thumbnail","hentry"],"acf":[],"featured_image_src":null,"featured_image_src_square":null,"_links":{"self":[{"href":"https:\/\/branded.staging.myfinancial-life.com\/es\/wp-json\/wp\/v2\/pages\/103","targetHints":{"allow":["GET"]}}],"collection":[{"href":"https:\/\/branded.staging.myfinancial-life.com\/es\/wp-json\/wp\/v2\/pages"}],"about":[{"href":"https:\/\/branded.staging.myfinancial-life.com\/es\/wp-json\/wp\/v2\/types\/page"}],"author":[{"embeddable":true,"href":"https:\/\/branded.staging.myfinancial-life.com\/es\/wp-json\/wp\/v2\/users\/1"}],"replies":[{"embeddable":true,"href":"https:\/\/branded.staging.myfinancial-life.com\/es\/wp-json\/wp\/v2\/comments?post=103"}],"version-history":[{"count":0,"href":"https:\/\/branded.staging.myfinancial-life.com\/es\/wp-json\/wp\/v2\/pages\/103\/revisions"}],"up":[{"embeddable":true,"href":"https:\/\/branded.staging.myfinancial-life.com\/es\/wp-json\/wp\/v2\/pages\/102"}],"wp:featuredmedia":[{"embeddable":true,"href":"https:\/\/branded.staging.myfinancial-life.com\/es\/wp-json\/"}],"wp:attachment":[{"href":"https:\/\/branded.staging.myfinancial-life.com\/es\/wp-json\/wp\/v2\/media?parent=103"}],"wp:term":[{"taxonomy":"category","embeddable":true,"href":"https:\/\/branded.staging.myfinancial-life.com\/es\/wp-json\/wp\/v2\/categories?post=103"},{"taxonomy":"post_tag","embeddable":true,"href":"https:\/\/branded.staging.myfinancial-life.com\/es\/wp-json\/wp\/v2\/tags?post=103"}],"curies":[{"name":"wp","href":"https:\/\/api.w.org\/{rel}","templated":true}]}}