{"id":104,"date":"2023-01-30T16:35:27","date_gmt":"2023-01-30T16:35:27","guid":{"rendered":"https:\/\/branded.staging.myfinancial-life.com\/fundamentos-financieros\/objetivos-financieros\/"},"modified":"2024-01-25T18:45:10","modified_gmt":"2024-01-25T18:45:10","slug":"objetivos-financieros","status":"publish","type":"page","link":"https:\/\/branded.staging.myfinancial-life.com\/es\/fundamentos-financieros\/objetivos-financieros\/","title":{"rendered":"Definiendo sus metas financieras"},"content":{"rendered":"\n<h2 class=\"wp-block-heading\" id=\"Como-lograr-el-\u00e9xito-financiero-mediante-el-establecimiento-de-objetivos\">Como lograr el \u00e9xito financiero mediante el establecimiento de objetivos<\/h2>\n\n\n\n<p>Los estudios han demostrado que las personas que definen claramente sus objetivos, bien sea perder peso o ganar una nueva posici\u00f3n en su lugar de trabajo, tienen una mayor tasa de \u00e9xito que aquellos que simplemente improvisan.<\/p>\n\n\n\n<p>No es diferente para los objetivos financieros. \u00bfQuieres ser due\u00f1o de una casa nueva, tomar unas vacaciones en Europa, o poner a sus hijos a la universidad? Sean cuales sean sus metas financieras personales, la preparaci\u00f3n de un plan es el primer paso para lograr el \u00e9xito.<\/p>\n\n\n\n<p>Antes de seguir adelante, vamos a poner a prueba sus habilidades en esta materia.<\/p>\n\n\n\n<h3 class=\"wp-block-heading\" id=\"Vamos-a-hacer-un-Quiz\">\u00a1Vamos a hacer un Quiz!<\/h3>\n\n\n\n<p><strong>Pruebe sus habilidades antes de empezar a ver la cantidad de ayuda que necesita. \u00bfpuede saltarse esta secci\u00f3n o necesita aprender m\u00e1s sobre este tema?<\/strong><\/p>\n\n\n\n<div class=\"wp-block-group container rounded-2xl p-10 flashcard has-kofe-info-background-color has-background has-global-padding is-layout-constrained wp-block-group-is-layout-constrained\">\n<h3 class=\"wp-block-heading\">\u00bfCu\u00e1nto dinero se necesita como un pago inicial de una hipoteca tradicional?<\/h3>\n\n\n\n<div class=\"wp-block-group answers has-global-padding is-layout-constrained wp-block-group-is-layout-constrained\">\n<p><strong>A.<\/strong> Al menos $ 20,000<\/p>\n\n\n\n<p><strong>B.<\/strong> 5% de la amortizaci\u00f3n del pr\u00e9stamo<\/p>\n\n\n\n<p><strong>C.<\/strong> Lo que usted puede conseguir en pr\u00e9stamos<\/p>\n\n\n\n<p class=\"correct\"><strong>D.<\/strong> 20% del precio de compra<\/p>\n<\/div>\n\n\n\n<div class=\"wp-block-buttons is-layout-flex wp-block-buttons-is-layout-flex\">\n<div class=\"wp-block-button revealbtn\"><a class=\"wp-block-button__link has-kofe-secondary-background-color has-background wp-element-button\">Mostrar Respuesta<\/a><\/div>\n<\/div>\n<\/div>\n\n\n\n<div class=\"wp-block-group container rounded-2xl p-10 flashcard has-kofe-info-background-color has-background has-global-padding is-layout-constrained wp-block-group-is-layout-constrained\">\n<h3 class=\"wp-block-heading\">\u00bfCu\u00e1nto tiempo debe tomar para lograr una meta financiera a corto plazo?<\/h3>\n\n\n\n<div class=\"wp-block-group answers has-global-padding is-layout-constrained wp-block-group-is-layout-constrained\">\n<p><strong>A.<\/strong> La pr\u00f3xima semana<\/p>\n\n\n\n<p><strong>B.<\/strong>&nbsp;En los pr\u00f3ximos 3-6 meses<\/p>\n\n\n\n<p class=\"correct\"><strong>C.<\/strong> Dentro de un a\u00f1o<\/p>\n\n\n\n<p><strong>D.<\/strong> 1-5 a\u00f1os<\/p>\n<\/div>\n\n\n\n<div class=\"wp-block-buttons is-layout-flex wp-block-buttons-is-layout-flex\">\n<div class=\"wp-block-button revealbtn\"><a class=\"wp-block-button__link has-kofe-secondary-background-color has-background wp-element-button\">Mostrar Respuesta<\/a><\/div>\n<\/div>\n<\/div>\n\n\n\n<h3 class=\"wp-block-heading\" id=\"Incluir-a-toda-la-familia\">Incluir a toda la familia<\/h3>\n\n\n\n<p>El establecimiento de objetivos presenta la oportunidad perfecta para que los miembros de la familia se unan. Para los miembros m\u00e1s j\u00f3venes y otras personas que nunca han puesto metas financieras antes, es tambi\u00e9n una experiencia educativa.<\/p>\n\n\n\n<p>Los ni\u00f1os se benefician porque van a aprender m\u00e1s sobre el manejo del dinero. Su inclusi\u00f3n es tambi\u00e9n esencial si el objetivo los impactar\u00e1 directamente. Qui\u00e9n sabe \u2013 tal vez los cambios de estilo de vida se desarrollar\u00e1n a trav\u00e9s del proceso!<\/p>\n\n\n\n<h3 class=\"wp-block-heading\" id=\"Crear-metas-realistas\">Crear metas realistas<\/h3>\n\n\n\n<p>Sus objetivos deben ser realistas y alcanzables. No se dirija hacia la compra de un Porsche cuando realmente solo puedes comprar un coche compacto. Eso contradice el objetivo.<\/p>\n\n\n\n<p>Al establecer metas poco realistas, nos desanimamos y abandonamos el prop\u00f3sito. Cuando sus objetivos son pr\u00e1cticos, no nos sentimos frustrados. Usted trabajar\u00e1 duro hacia el logro de ellos.<\/p>\n\n\n\n<h3 class=\"wp-block-heading\" id=\"Planificar-sus-objetivos\">Planificar sus objetivos<\/h3>\n\n\n\n<p>Una vez que decida su primer conjunto de metas, desarrolle un plan escrito que las ejecute de manera efectiva. Registre cada meta en sus objetivos Hoja de C\u00e1lculo de Objetivos Financieros, colocando bajo el encabezado correspondiente:<\/p>\n\n\n\n<ul class=\"wp-block-list\">\n<li>Las metas a corto plazo (1 a\u00f1o o menos) para lograr<\/li>\n\n\n\n<li>Objetivos a mediano plazo (2-5 a\u00f1os)<\/li>\n\n\n\n<li>Los objetivos a largo plazo (m\u00e1s de 5 a\u00f1os)<\/li>\n<\/ul>\n\n\n\n<p><a href=\"\/Documents\/Metas-Financieras.pdf\">Haga clic aqu\u00ed para descargar su Hoja de C\u00e1lculo de Objetivos Financieros<\/a>.<\/p>\n\n\n\n<h3 class=\"wp-block-heading\" id=\"Traiga-sus-objetivos-al-foco\">Traiga sus objetivos al foco<\/h3>\n\n\n\n<p>Para cada objetivo que se pone en la hoja de c\u00e1lculo:<\/p>\n\n\n\n<ol class=\"wp-block-list\">\n<li>Tenga en cuenta la cantidad de dinero y el tiempo que necesita para lograrlo. Esto debe incluir un costo total (o mejor estimaci\u00f3n) y la l\u00ednea de tiempo de la cantidad de meses que usted cree que se necesita para alcanzar ese objetivo.<\/li>\n\n\n\n<li>Divida el costo total de la meta por el n\u00famero de meses que tiene para lograrlo. La cantidad de d\u00f3lares a calcular es el dinero que necesitar\u00e1 para guardar hacia ese objetivo cada mes, de acuerdo con el calendario establecido.<\/li>\n\n\n\n<li>Anote las estrategias que debe seguir para llegar a la cantidad necesaria cada mes. Por ejemplo, usted o su c\u00f3nyuge pueden conseguir un segundo trabajo. O, si uno de los c\u00f3nyuges no est\u00e1 trabajando, puede conseguir un trabajo a medio tiempo. Puede recortar el gasto mensual al no salir a comer o reducir las facturas de cable y tel\u00e9fono.<\/li>\n<\/ol>\n\n\n\n<h3 class=\"wp-block-heading\" id=\"Mantener-el-rumbo\">Mantener el rumbo<\/h3>\n\n\n\n<p>Al igual que las resoluciones de A\u00f1o Nuevo, el principal problema con el establecimiento de objetivos es el riesgo de p\u00e9rdida de inter\u00e9s o simplemente darse por vencido. Los objetivos llevan su tiempo. Si comienza a ponerse perezoso, divida su objetivo en objetivos m\u00e1s peque\u00f1os. De esta manera, podr\u00e1 ver que est\u00e1 haciendo el progreso y podr\u00e1 mantenerse motivado.<\/p>\n\n\n\n<h3 class=\"wp-block-heading\" id=\"Sea-inteligente-acerca-de-los-objetivos\">Sea inteligente acerca de los objetivos<\/h3>\n\n\n\n<p>Hay un acr\u00f3nimo que se puede utilizar como una f\u00f3rmula para el \u00e9xito en los objetivos de un gran objetivo:<\/p>\n\n\n\n<p><strong>S<\/strong>pecific (espec\u00edfico)<br><strong>M<\/strong>easurable (medible)<br><strong>A<\/strong>chievable (alcanzable)<br><strong>R<\/strong>ealistic (realista)<br><strong>T<\/strong>ime-Bound (plazos determinados)<\/p>\n\n\n\n<p>Defina los objetivos espec\u00edficos y realistas que se pueden medir a medida que vaya progresando. De esta manera, el logro de ellos dentro de una manera oportuna es m\u00e1s f\u00e1cil.<\/p>\n\n\n\n<h3 class=\"wp-block-heading\" id=\"Un-ejemplo-de-la-fijaci\u00f3n-de-objetivos\">Un ejemplo de la fijaci\u00f3n de objetivos<\/h3>\n\n\n\n<p>Digamos que su coche est\u00e1 envejeciendo y que necesitar\u00e1 un veh\u00edculo nuevo en unos pocos a\u00f1os. Eso ser\u00eda un objetivo a medio plazo. Aqu\u00ed est\u00e1 un ejemplo de algunos de los objetivos que se hab\u00eda propuesto:<\/p>\n\n\n\n<ol class=\"wp-block-list\">\n<li>Investigar y encontrar un coche que funciona para sus necesidades y presupuesto. D\u00e9se tres meses para la investigaci\u00f3n. Utilizar la web y hablar con amigos que posean autom\u00f3viles similares. Visita unos cuantos dealers \u2013 simplemente no dejes que te vendan un veh\u00edculo.<\/li>\n\n\n\n<li>Pagar la deuda para que pueda darse el lujo de los pagos futuros. Conseguir su&nbsp;<a href=\"\/es\/fundamentos-financieros\/relacion-deuda-a-ingresos\/\">relaci\u00f3n DTI<\/a>&nbsp;bajo 15 por ciento.<\/li>\n\n\n\n<li>Obtener una copia de su informe de cr\u00e9dito y corregir cualquier error \u2013 esto maximiza su calificaci\u00f3n de cr\u00e9dito. Completar la revisi\u00f3n del informe de cr\u00e9dito 6 meses antes de la compra del coche. De esta manera se puede corregir cualquier error que podr\u00eda hacer descender su puntuaci\u00f3n.<\/li>\n\n\n\n<li>Ahorrar una cantidad razonable de dinero cada mes durante el tiempo que sea posible para utilizar como pago inicial. Esta parte es esencial, porque un pago inicial grande por lo general se traduce en mejores t\u00e9rminos de su pr\u00e9stamo.<\/li>\n<\/ol>\n\n\n\n<p>Una vez que logre sus objetivos y ahorrar dinero, haga una reverencia. En realidad, toda la familia deber\u00eda hacer una reverencia.<\/p>\n","protected":false},"excerpt":{"rendered":"<p>Como lograr el \u00e9xito financiero mediante el establecimiento de objetivos Los estudios han demostrado que las personas que definen claramente sus objetivos, bien sea perder peso o ganar una nueva posici\u00f3n en su lugar de trabajo, tienen una mayor tasa de \u00e9xito que aquellos que simplemente improvisan. No es diferente para los objetivos financieros. \u00bfQuieres [&hellip;]<\/p>\n","protected":false},"author":1,"featured_media":245,"parent":96,"menu_order":0,"comment_status":"closed","ping_status":"closed","template":"page-sidebar","meta":{"_acf_changed":false,"footnotes":""},"categories":[],"tags":[32],"class_list":["post-104","page","type-page","status-publish","has-post-thumbnail","hentry","tag-objetivos-financieros"],"acf":[],"featured_image_src":"https:\/\/branded.staging.myfinancial-life.com\/wp-content\/uploads\/sites\/17\/2024\/01\/Defining-Your-Financial-Goals.jpg","featured_image_src_square":"https:\/\/branded.staging.myfinancial-life.com\/wp-content\/uploads\/sites\/17\/2024\/01\/Defining-Your-Financial-Goals.jpg","_links":{"self":[{"href":"https:\/\/branded.staging.myfinancial-life.com\/es\/wp-json\/wp\/v2\/pages\/104","targetHints":{"allow":["GET"]}}],"collection":[{"href":"https:\/\/branded.staging.myfinancial-life.com\/es\/wp-json\/wp\/v2\/pages"}],"about":[{"href":"https:\/\/branded.staging.myfinancial-life.com\/es\/wp-json\/wp\/v2\/types\/page"}],"author":[{"embeddable":true,"href":"https:\/\/branded.staging.myfinancial-life.com\/es\/wp-json\/wp\/v2\/users\/1"}],"replies":[{"embeddable":true,"href":"https:\/\/branded.staging.myfinancial-life.com\/es\/wp-json\/wp\/v2\/comments?post=104"}],"version-history":[{"count":1,"href":"https:\/\/branded.staging.myfinancial-life.com\/es\/wp-json\/wp\/v2\/pages\/104\/revisions"}],"predecessor-version":[{"id":197,"href":"https:\/\/branded.staging.myfinancial-life.com\/es\/wp-json\/wp\/v2\/pages\/104\/revisions\/197"}],"up":[{"embeddable":true,"href":"https:\/\/branded.staging.myfinancial-life.com\/es\/wp-json\/wp\/v2\/pages\/96"}],"wp:featuredmedia":[{"embeddable":true,"href":"https:\/\/branded.staging.myfinancial-life.com\/es\/wp-json\/wp\/v2\/media\/245"}],"wp:attachment":[{"href":"https:\/\/branded.staging.myfinancial-life.com\/es\/wp-json\/wp\/v2\/media?parent=104"}],"wp:term":[{"taxonomy":"category","embeddable":true,"href":"https:\/\/branded.staging.myfinancial-life.com\/es\/wp-json\/wp\/v2\/categories?post=104"},{"taxonomy":"post_tag","embeddable":true,"href":"https:\/\/branded.staging.myfinancial-life.com\/es\/wp-json\/wp\/v2\/tags?post=104"}],"curies":[{"name":"wp","href":"https:\/\/api.w.org\/{rel}","templated":true}]}}