{"id":106,"date":"2023-01-30T18:28:50","date_gmt":"2023-01-30T18:28:50","guid":{"rendered":"https:\/\/branded.staging.myfinancial-life.com\/fundamentos-financieros\/fundamentos-bancarios\/"},"modified":"2024-01-25T18:54:03","modified_gmt":"2024-01-25T18:54:03","slug":"fundamentos-bancarios","status":"publish","type":"page","link":"https:\/\/branded.staging.myfinancial-life.com\/es\/fundamentos-financieros\/fundamentos-bancarios\/","title":{"rendered":"Fundamentos Bancarios"},"content":{"rendered":"\n<h2 class=\"wp-block-heading\" id=\"Elija-el-banco-o-cooperativa-correcta-para-sus-necesidades\">Elija el banco o cooperativa correcta para sus necesidades<\/h2>\n\n\n\n<p>Antes de obtener un talonario de cheques, tarjetas de cajero autom\u00e1tico, o crear una cuenta de dep\u00f3sito directo, debe elegir un banco o cooperativa. Cada transacci\u00f3n se lleva a cabo en la instituci\u00f3n de su elecci\u00f3n. Es por eso que la selecci\u00f3n de la instituci\u00f3n adecuada para su situaci\u00f3n personal es esencial.<\/p>\n\n\n\n<p>Es una decisi\u00f3n importante y le ayudaremos a tomar la decisi\u00f3n.<\/p>\n\n\n\n<h3 class=\"wp-block-heading\" id=\"Tiempo-para-un-Quiz\">\u00a1Tiempo para un Quiz!<\/h3>\n\n\n\n<p><strong>Antes de empezar, tome esta r\u00e1pida prueba para ver cu\u00e1nto sabe sobre los fundamentos presupuestarios. Esto ayudar\u00e1 a medir la cantidad de tiempo que necesita para asumir esta secci\u00f3n.<\/strong><\/p>\n\n\n\n<div class=\"wp-block-group container rounded-2xl p-10 flashcard has-kofe-info-background-color has-background has-global-padding is-layout-constrained wp-block-group-is-layout-constrained\">\n<h3 class=\"wp-block-heading\">\u00bfTodas las entidades financieras cobran la misma cantidad de cuotas?<\/h3>\n\n\n\n<div class=\"wp-block-group answers has-global-padding is-layout-constrained wp-block-group-is-layout-constrained\">\n<p><strong>A.<\/strong> S\u00ed. El gobierno federal hace que todos los bancos cobren la misma cantidad.<\/p>\n\n\n\n<p><strong>B.<\/strong> No. Las entidades financieras no cobran tarifas.<\/p>\n\n\n\n<p><strong>C.<\/strong> S\u00ed. Todas las entidades financieras cobran una tarifa plana de $100 al a\u00f1o por sus servicios.<\/p>\n\n\n\n<p class=\"correct\"><strong>D.<\/strong> No. Las entidades financieras cobran tarifas diferentes, es por eso que es importante darse una vuelta.<\/p>\n<\/div>\n\n\n\n<div class=\"wp-block-buttons is-layout-flex wp-block-buttons-is-layout-flex\">\n<div class=\"wp-block-button revealbtn\"><a class=\"wp-block-button__link has-kofe-secondary-background-color has-background wp-element-button\">Mostrar Respuesta<\/a><\/div>\n<\/div>\n<\/div>\n\n\n\n<div class=\"wp-block-group container rounded-2xl p-10 flashcard has-kofe-info-background-color has-background has-global-padding is-layout-constrained wp-block-group-is-layout-constrained\">\n<h3 class=\"wp-block-heading\">\u00bfCu\u00e1l es la diferencia entre un banco y una cooperativa?<\/h3>\n\n\n\n<div class=\"wp-block-group answers has-global-padding is-layout-constrained wp-block-group-is-layout-constrained\">\n<p><strong>A.<\/strong> No hay diferencia.<\/p>\n\n\n\n<p class=\"correct\"><strong>B.<\/strong> Una cooperativa est\u00e1 controlada por las personas que utilizan sus servicios.<\/p>\n\n\n\n<p><strong>C.<\/strong> Las cooperativas est\u00e1n a cargo de representantes de los sindicatos que se benefician de las tarifas aplicadas.<\/p>\n\n\n\n<p><strong>D.<\/strong> Los bancos no ofrecen cr\u00e9dito.<\/p>\n<\/div>\n\n\n\n<div class=\"wp-block-buttons is-layout-flex wp-block-buttons-is-layout-flex\">\n<div class=\"wp-block-button revealbtn\"><a class=\"wp-block-button__link has-kofe-secondary-background-color has-background wp-element-button\">Mostrar Respuesta<\/a><\/div>\n<\/div>\n<\/div>\n\n\n\n<h3 class=\"wp-block-heading\" id=\"La-elecci\u00f3n-de-un-banco-o-cooperativa\">La elecci\u00f3n de un banco o cooperativa<\/h3>\n\n\n\n<p>Donde guarda su dinero establece las bases de c\u00f3mo realiza sus operaciones bancarias. Encontrar el banco o cooperativa correcta es simple, h\u00e1gase una serie de preguntas. La instituci\u00f3n que ofrece las mejores respuestas es probablemente el lugar para ti.<\/p>\n\n\n\n<p>Por ejemplo: \u00bfLa instituci\u00f3n ofrece lugares convenientes? \u00bfLos representantes son amables y bien informados? \u00bfTendr\u00e1n sus productos y servicios capacidad de limitar sus planes de ahorrar e invertir?<\/p>\n\n\n\n<p>Otras preguntas que debe incluir:<\/p>\n\n\n\n<ul class=\"wp-block-list\">\n<li>\u00bfCu\u00e1les son las tasas de inter\u00e9s?<\/li>\n\n\n\n<li>\u00bfQu\u00e9 tipos de honorarios cobran \u2013 cargos en cuentas de cheques, cargos por sobregiro?<\/li>\n\n\n\n<li>\u00bfTienen cajeros autom\u00e1ticos en lugares convenientes?<\/li>\n\n\n\n<li>\u00bfQu\u00e9 tipos de productos de inversi\u00f3n ofrecen?<\/li>\n\n\n\n<li>\u00bfEs su sistema de banca en l\u00ednea simple y eficiente?<\/li>\n<\/ul>\n\n\n\n<p>Su decisi\u00f3n debe determinar a qu\u00e9 banco o cooperativa mejor se adapta a sus necesidades. Es su dinero, as\u00ed que elija sabiamente.<\/p>\n\n\n\n<h3 class=\"wp-block-heading\" id=\"La-diferencia-entre-los-bancos-y-las-cooperativas\">La diferencia entre los bancos y las cooperativas<\/h3>\n\n\n\n<p>Los bancos y las cooperativas son similares en muchos aspectos, pero tienen algunas diferencias. Debido a que las cooperativas son organizaciones sin fines de lucro, colaboran con sus miembros en forma de mejores tasas de inter\u00e9s y productos, mientras que los bancos buscan satisfacer sus inversores. Pero los bancos tienen sucursales en todo el pa\u00eds, mientras que las cooperativas s\u00f3lo tienen sucursales en sus \u00e1reas de servicio espec\u00edficas.<\/p>\n\n\n\n<h3 class=\"wp-block-heading\" id=\"Servicios-ofrecidos-por-entidades-financieras\">Servicios ofrecidos por entidades financieras<\/h3>\n\n\n\n<p>Los servicios ofrecidos por ambas instituciones son pr\u00e1cticamente los mismos. Ofrecen cuentas corrientes y de ahorro, pero van m\u00e1s all\u00e1 de lo b\u00e1sico. Los servicios incluyen:<\/p>\n\n\n\n<p><strong>Cuentas de Mercado de Dinero:&nbsp;<\/strong>Una cuenta de comercializaci\u00f3n de dinero es casi lo mismo que una cuenta de cheques, pero ofrece mayores tasas de inter\u00e9s. Si usted tiene una gran cantidad de dinero y no quiere que se siente en una cuenta de cheques con intereses bajos, echa un vistazo a esta alternativa. Encuentre una instituci\u00f3n que no cobre cuotas mensuales. Pregunte acerca de otros cargos, compruebe privilegios de escritura, y las opciones de transferencia de dinero. Tambi\u00e9n puede haber un saldo m\u00ednimo requerido.<\/p>\n\n\n\n<p><strong>Banca electr\u00f3nica:&nbsp;<\/strong>Esto es simplemente acceder su banco a trav\u00e9s de su computador, cajeros autom\u00e1ticos, y su tel\u00e9fono. Algunos bancos incluso est\u00e1n reemplazando cajeros con m\u00e1quinas en sus sucursales. Todo lo que necesita es su tarjeta de cajero autom\u00e1tico o de d\u00e9bito del banco y se puede realizar sus operaciones bancarias a trav\u00e9s de estas m\u00e1quinas.<\/p>\n\n\n\n<p><strong>Los bonos de ahorro:&nbsp;<\/strong>Estos bonos son asequibles, seguros y sencillos. Las cantidades de bonos var\u00edan dependiendo del tipo que usted elija. Pregunte a su entidad financiera acerca de los bonos que ofrecen \u2013 por lo general puede comprar uno para tan poco como $25. Tambi\u00e9n est\u00e1n exentos de impuestos estatales y locales, y todos los impuestos federales pueden diferirse hasta que el bono se pague de inmediato.<\/p>\n\n\n\n<p><strong>Cuentas de retiro individual (IRA):&nbsp;<\/strong>Un IRA es una herramienta inteligente para el ahorro para el retiro. Hay dos tipos: una IRA tradicional y una Roth. Usted pone el dinero hacia estas cuentas y el dinero se coloca en veh\u00edculos de inversi\u00f3n tales como fondos mutuos y bonos. Usted elige las inversiones.<\/p>\n\n\n\n<p>La principal diferencia entre los dos es que las cuentas IRA tradicionales requieren que pagar impuestos sobre el dinero que retira. Si retira dinero antes de llegar a la edad de 59 a\u00f1os y medio, tambi\u00e9n se le cobrar\u00e1 una multa del 10%.<\/p>\n\n\n\n<p>Con una cuenta IRA Roth, el dinero es invertido despu\u00e9s de impuestos ya est\u00e1n retirados. No tendr\u00e1 que pagar impuestos sobre el dinero que gana a trav\u00e9s de sus inversiones y si usted retira dinero despu\u00e9s de los 59 a\u00f1os y medio, es libre de impuestos.<\/p>\n\n\n\n<p><strong>Certificado de Dep\u00f3sito (CD):&nbsp;<\/strong>No hay cargos asociados con un CD, y sus tasas de inter\u00e9s son generalmente m\u00e1s altas que las cuentas corrientes o de ahorro. Pero no se puede retirar el dinero desde el CD hasta que expire. Las fechas de vencimiento var\u00edan. Si lo hace podr\u00edan penalizarlo, podr\u00e1s penalizado.<\/p>\n\n\n\n<p>Los servicios var\u00edan en las instituciones, por lo que deben investigar cuidadosamente lo que ofrecen.<\/p>\n\n\n\n<h3 class=\"wp-block-heading\" id=\"Saldo-de-la-chequera\">Saldo de la chequera<\/h3>\n\n\n\n<p>Al llegar a su talonario de cheques, tambi\u00e9n recibir\u00e1 un registro. El registro es donde se graban sus transacciones cada d\u00eda. No espere sus estados de cuenta mensuales y luego registrar sus transacciones. Eso conduce a errores costosos.<\/p>\n\n\n\n<p>El registro general contiene seis columnas. Incluyen:<\/p>\n\n\n\n<ol class=\"wp-block-list\">\n<li><strong>N\u00famero:&nbsp;<\/strong>El n\u00famero de cheque.<\/li>\n\n\n\n<li><strong>Fecha:&nbsp;<\/strong>El d\u00eda en que ocurri\u00f3 la transacci\u00f3n.<\/li>\n\n\n\n<li><strong>Descripci\u00f3n de la transacci\u00f3n:&nbsp;<\/strong>La compa\u00f1\u00eda, persona o lugar donde pag\u00f3.<\/li>\n\n\n\n<li><strong>D\u00e9bito:&nbsp;<\/strong>La cantidad exacta de la verificaci\u00f3n, el retiro o pago por d\u00e9bito.<\/li>\n\n\n\n<li><strong>Cr\u00e9dito:&nbsp;<\/strong>La columna donde se graba todos los dep\u00f3sitos en la cuenta, incluyendo cheques, regalos o dinero que transfiri\u00f3 desde otra cuenta.<\/li>\n\n\n\n<li><strong>Equilibrar:&nbsp;<\/strong>La cantidad total de su cuenta. Se calcula el saldo despu\u00e9s de cada retirada y dep\u00f3sito. Este modo se puede saber exactamente cu\u00e1nto dinero est\u00e1 en su cuenta.<\/li>\n<\/ol>\n\n\n\n<p>Algunas personas realizan un seguimiento de sus finanzas utilizando aplicaciones m\u00f3viles o talonarios de cheques en l\u00ednea; algunos utilizan el registro de papel. Puede utilizar nuestra\u00a0<a href=\"\/Documents\/Check-RegisterSP.pdf\">hoja de c\u00e1lculo<\/a>\u00a0para rastrear f\u00e1cilmente sus finanzas.<\/p>\n\n\n\n<p>El modo de seguimiento que elija no importa. Lo que importa es que siempre grabe sus transacciones. Si no lo hace, las consecuencias suelen ser cheques rechazados. Los bancos rechazan los cheques sin fondos y cobran altos honorarios por penalizar cada uno.<\/p>\n\n\n\n<p>Otro consejo importante: Utilice una calculadora en la gesti\u00f3n de su talonario de cheques. Es conveniente, r\u00e1pida y por lo general a prueba de balas, a menos que introduzca la cantidad equivocada. Si usted tiene cuidado y es diligente, el seguimiento de sus finanzas puede convertirse en una parte de su vida diaria.<\/p>\n","protected":false},"excerpt":{"rendered":"<p>Elija el banco o cooperativa correcta para sus necesidades Antes de obtener un talonario de cheques, tarjetas de cajero autom\u00e1tico, o crear una cuenta de dep\u00f3sito directo, debe elegir un banco o cooperativa. Cada transacci\u00f3n se lleva a cabo en la instituci\u00f3n de su elecci\u00f3n. Es por eso que la selecci\u00f3n de la instituci\u00f3n adecuada [&hellip;]<\/p>\n","protected":false},"author":1,"featured_media":249,"parent":96,"menu_order":0,"comment_status":"closed","ping_status":"closed","template":"page-sidebar","meta":{"_acf_changed":false,"footnotes":""},"categories":[],"tags":[48],"class_list":["post-106","page","type-page","status-publish","has-post-thumbnail","hentry","tag-fundamentos-bancarios"],"acf":[],"featured_image_src":"https:\/\/branded.staging.myfinancial-life.com\/wp-content\/uploads\/sites\/17\/2024\/01\/Banking-Basics.jpg","featured_image_src_square":"https:\/\/branded.staging.myfinancial-life.com\/wp-content\/uploads\/sites\/17\/2024\/01\/Banking-Basics.jpg","_links":{"self":[{"href":"https:\/\/branded.staging.myfinancial-life.com\/es\/wp-json\/wp\/v2\/pages\/106","targetHints":{"allow":["GET"]}}],"collection":[{"href":"https:\/\/branded.staging.myfinancial-life.com\/es\/wp-json\/wp\/v2\/pages"}],"about":[{"href":"https:\/\/branded.staging.myfinancial-life.com\/es\/wp-json\/wp\/v2\/types\/page"}],"author":[{"embeddable":true,"href":"https:\/\/branded.staging.myfinancial-life.com\/es\/wp-json\/wp\/v2\/users\/1"}],"replies":[{"embeddable":true,"href":"https:\/\/branded.staging.myfinancial-life.com\/es\/wp-json\/wp\/v2\/comments?post=106"}],"version-history":[{"count":1,"href":"https:\/\/branded.staging.myfinancial-life.com\/es\/wp-json\/wp\/v2\/pages\/106\/revisions"}],"predecessor-version":[{"id":200,"href":"https:\/\/branded.staging.myfinancial-life.com\/es\/wp-json\/wp\/v2\/pages\/106\/revisions\/200"}],"up":[{"embeddable":true,"href":"https:\/\/branded.staging.myfinancial-life.com\/es\/wp-json\/wp\/v2\/pages\/96"}],"wp:featuredmedia":[{"embeddable":true,"href":"https:\/\/branded.staging.myfinancial-life.com\/es\/wp-json\/wp\/v2\/media\/249"}],"wp:attachment":[{"href":"https:\/\/branded.staging.myfinancial-life.com\/es\/wp-json\/wp\/v2\/media?parent=106"}],"wp:term":[{"taxonomy":"category","embeddable":true,"href":"https:\/\/branded.staging.myfinancial-life.com\/es\/wp-json\/wp\/v2\/categories?post=106"},{"taxonomy":"post_tag","embeddable":true,"href":"https:\/\/branded.staging.myfinancial-life.com\/es\/wp-json\/wp\/v2\/tags?post=106"}],"curies":[{"name":"wp","href":"https:\/\/api.w.org\/{rel}","templated":true}]}}