{"id":107,"date":"2023-01-30T16:43:42","date_gmt":"2023-01-30T16:43:42","guid":{"rendered":"https:\/\/branded.staging.myfinancial-life.com\/fundamentos-financieros\/reduzca-sus-gasto\/"},"modified":"2024-01-25T18:53:53","modified_gmt":"2024-01-25T18:53:53","slug":"reduzca-sus-gasto","status":"publish","type":"page","link":"https:\/\/branded.staging.myfinancial-life.com\/es\/fundamentos-financieros\/reduzca-sus-gasto\/","title":{"rendered":"M\u00e9todos comprobados para reducir sus gastos"},"content":{"rendered":"\n<h2 class=\"wp-block-heading\" id=\"Mientras-m\u00e1s-gastos-reduce-m\u00e1s-dinero-ahorra\">Mientras m\u00e1s gastos reduce, m\u00e1s dinero ahorra<\/h2>\n\n\n\n<p>La reducci\u00f3n de los gastos mensuales proporciona dinero adicional que se pueden utilizar para impulsar otros segmentos de su cartera financiera, tales como ahorros para el retiro. Saber que tiene dinero extra trabajando para su futuro tambi\u00e9n facilita los niveles de estr\u00e9s.<\/p>\n\n\n\n<p>Echa un vistazo a nuestra lista de consejos y tome ventaja de nuestras publicaciones educativas cuando sea posible.<\/p>\n\n\n\n<h3 class=\"wp-block-heading\" id=\"Vamos-tomar-un-Quiz\">\u00a1Vamos tomar un Quiz!<\/h3>\n\n\n\n<p><strong>Antes de empezar, tome esta prueba r\u00e1pida para ver cu\u00e1nto sabe acerca de reducir sus gastos. Esto ayudar\u00e1 a medir la cantidad de tiempo que necesita para asumir esta secci\u00f3n.<\/strong><\/p>\n\n\n\n<div class=\"wp-block-group container rounded-2xl p-10 flashcard has-kofe-info-background-color has-background has-global-padding is-layout-constrained wp-block-group-is-layout-constrained\">\n<h3 class=\"wp-block-heading\">\u00bfCu\u00e1l opci\u00f3n es mejor para ahorrar gasolina, bajar las ventanas o encender el aire acondicionado?<\/h3>\n\n\n\n<div class=\"wp-block-group answers has-global-padding is-layout-constrained wp-block-group-is-layout-constrained\">\n<p><strong>A.<\/strong> \u00a1Ambos!<\/p>\n\n\n\n<p><strong>B.<\/strong> Ventanas abajo<\/p>\n\n\n\n<p><strong>C.<\/strong> Aire acondicionado encendido<\/p>\n\n\n\n<p class=\"correct\"><strong>D.<\/strong> Depende de qu\u00e9 tipo de conducci\u00f3n estamos haciendo<\/p>\n<\/div>\n\n\n\n<div class=\"wp-block-buttons is-layout-flex wp-block-buttons-is-layout-flex\">\n<div class=\"wp-block-button revealbtn\"><a class=\"wp-block-button__link has-kofe-secondary-background-color has-background wp-element-button\">Mostrar Respuesta<\/a><\/div>\n<\/div>\n<\/div>\n\n\n\n<div class=\"wp-block-group container rounded-2xl p-10 flashcard has-kofe-info-background-color has-background has-global-padding is-layout-constrained wp-block-group-is-layout-constrained\">\n<h3 class=\"wp-block-heading\">\u00bfCon qu\u00e9 frecuencia debe planear las comidas para ahorrar en el supermercado?<\/h3>\n\n\n\n<div class=\"wp-block-group answers has-global-padding is-layout-constrained wp-block-group-is-layout-constrained\">\n<p><strong>A.<\/strong> Una vez al mes<\/p>\n\n\n\n<p class=\"correct\"><strong>B.<\/strong> Una vez a la semana<\/p>\n\n\n\n<p><strong>C.<\/strong> Comprar todos los d\u00edas s\u00f3lo las cosas que necesita<\/p>\n\n\n\n<p><strong>D.<\/strong>\u00a0No planee, simplemente compre sin una lista y escoja lo que le provoque<\/p>\n<\/div>\n\n\n\n<div class=\"wp-block-buttons is-layout-flex wp-block-buttons-is-layout-flex\">\n<div class=\"wp-block-button revealbtn\"><a class=\"wp-block-button__link has-kofe-secondary-background-color has-background wp-element-button\">Mostrar Respuesta<\/a><\/div>\n<\/div>\n<\/div>\n\n\n\n<h3 class=\"wp-block-heading\" id=\"Reducir-los-costos-de-vivienda\">Reducir los costos de vivienda<\/h3>\n\n\n\n<p>Ya sea que usted est\u00e9 pagando una hipoteca o el alquiler, los gastos de vivienda por lo general ocupan una gran parte de los presupuestos de la mayor\u00eda de la gente. Siga estos consejos y comience a ahorrar:<\/p>\n\n\n\n<ul class=\"wp-block-list\">\n<li>Encuentra un compa\u00f1ero de piso para compartir en los costos mensuales.<\/li>\n\n\n\n<li>Mudarse con su familia o con un amigo hasta que pueda pagar c\u00f3modamente la vivienda por su cuenta.<\/li>\n\n\n\n<li>Vender su casa y comprar algo m\u00e1s barato, suponiendo que usted puede vender la propiedad a un precio lo suficientemente alto como para pagar el saldo total a pagar en su hipoteca.<\/li>\n\n\n\n<li>Alquilar su casa y encontrar un lugar menos costoso que alquilar o comprar a ti mismo. El alquiler que recibe siempre debe cubrir sus pagos de hipoteca, impuestos, cargos de asociaci\u00f3n y seguros, como m\u00ednimo.<\/li>\n\n\n\n<li>Encontrar un lugar menos costoso para vivir si usted est\u00e1 alquilando, pero s\u00f3lo si se puede salir de su contrato de arrendamiento sin ning\u00fan tipo de sanciones.<\/li>\n\n\n\n<li>Si est\u00e1 bajo un contrato de arrendamiento, considere subarrendar, pero obtenga el permiso de su propietario primero.<\/li>\n<\/ul>\n\n\n\n<h3 class=\"wp-block-heading\" id=\"Reducir-los-costos-de-telecomunicaciones\">Reducir los costos de telecomunicaciones<\/h3>\n\n\n\n<p>Los tel\u00e9fonos celulares se han convertido en las herramientas m\u00e1s comunes para la comunicaci\u00f3n. Encuentre formas de reducir los costos al:<\/p>\n\n\n\n<ul class=\"wp-block-list\">\n<li>Deshacerse de su tel\u00e9fono celular si es posible o cancelar el tel\u00e9fono de casa si su celular es su contacto principal.<\/li>\n\n\n\n<li>La comparaci\u00f3n de ofertas de servicios celulares. (Antes de cambiar los proveedores, eche un vistazo a las sanciones.)<\/li>\n\n\n\n<li>Mantenga un plan de llamadas que sea apropiado para sus patrones de uso.<\/li>\n\n\n\n<li>Aprovechando todas las funciones gratuitas de tel\u00e9fono celular y horas.<\/li>\n\n\n\n<li>Averiguar si los minutos no utilizados se pueden transferir.<\/li>\n\n\n\n<li>Cancelaci\u00f3n de identificaci\u00f3n de llamadas o bloqueo de llamadas.<\/li>\n<\/ul>\n\n\n\n<h3 class=\"wp-block-heading\" id=\"Reducir-los-costos-de-los-alimentos-y-de-entretenimiento\">Reducir los costos de los alimentos y de entretenimiento<\/h3>\n\n\n\n<p>Esto deber\u00eda ser f\u00e1cil. Saltar paquetes Premium de cable, ir al supermercado con una lista para no gastar de m\u00e1s, y dejar de comer en restaurantes. Pruebe estos consejos adicionales:<\/p>\n\n\n\n<ul class=\"wp-block-list\">\n<li>Hacer planes de comidas una semana a la vez para que pueda tomar un solo viaje a la tienda de comestibles.<\/li>\n\n\n\n<li>Comprar en grandes cantidades cuando es pr\u00e1ctico.<\/li>\n\n\n\n<li>Use cupones y siempre tome ventaja de los descuentos y ofertas en las tiendas.<\/li>\n\n\n\n<li>En los d\u00edas laborables, empaque su almuerzo en lugar de salir a comer fuera.<\/li>\n\n\n\n<li>Dejar los Happy-Hour despu\u00e9s del trabajo o limitarlos.<\/li>\n\n\n\n<li>Haga las fiestas o reuniones en su casa.<\/li>\n\n\n\n<li>Pr\u00e9stamo de libros, DVD y cintas de v\u00eddeo de la biblioteca.<\/li>\n<\/ul>\n\n\n\n<h3 class=\"wp-block-heading\" id=\"Ahorrar-en-los-costos-de-transporte\">Ahorrar en los costos de transporte<\/h3>\n\n\n\n<p>No compre o alquile un coche que no puede permitirse. Hay demasiadas personas que optan por veh\u00edculos caros en lugar de coches econ\u00f3micos. Entre el pago de un pr\u00e9stamo de coche, seguros y mantenimiento, los coches son terriblemente caros.<\/p>\n\n\n\n<p>Si es posible, aproveche el transporte p\u00fablico de su \u00e1rea, o andar en bicicleta y hacer algo de ejercicio de forma gratuita. Tambi\u00e9n puede obtener m\u00e1s informaci\u00f3n mediante la exploraci\u00f3n de nuestra gu\u00eda de\u00a0<a href=\"\/es\/aprende-ahora\/publicaciones-financieras\/recortando-los-gastos-de-vehiculo\">Reducci\u00f3n de Costos de Coches<\/a>.<\/p>\n\n\n\n<h3 class=\"wp-block-heading\" id=\"Hora-de-tomar-un-Quiz\">\u00a1Hora de tomar un Quiz!<\/h3>\n\n\n\n<p>Tome esta prueba para averiguar cu\u00e1nto sabe acerca de las siguientes opciones de ahorro.<\/p>\n\n\n\n<div class=\"wp-block-group container rounded-2xl p-10 flashcard has-kofe-info-background-color has-background has-global-padding is-layout-constrained wp-block-group-is-layout-constrained\">\n<h3 class=\"wp-block-heading\">\u00bfCu\u00e1ndo est\u00e1 recibiendo un seguro de vida es una buena idea?<\/h3>\n\n\n\n<div class=\"wp-block-group answers has-global-padding is-layout-constrained wp-block-group-is-layout-constrained\">\n<p><strong>A.<\/strong> Al final de su vida<\/p>\n\n\n\n<p class=\"correct\"><strong>B.<\/strong> Cuando usted tiene dependientes<\/p>\n\n\n\n<p><strong>C.<\/strong> Cuando no tiene dependientes<\/p>\n\n\n\n<p><strong>D.<\/strong> Nunca<\/p>\n<\/div>\n\n\n\n<div class=\"wp-block-buttons is-layout-flex wp-block-buttons-is-layout-flex\">\n<div class=\"wp-block-button revealbtn\"><a class=\"wp-block-button__link has-kofe-secondary-background-color has-background wp-element-button\">Mostrar Respuesta<\/a><\/div>\n<\/div>\n<\/div>\n\n\n\n<div class=\"wp-block-group container rounded-2xl p-10 flashcard has-kofe-info-background-color has-background has-global-padding is-layout-constrained wp-block-group-is-layout-constrained\">\n<h3 class=\"wp-block-heading\">\u00bfC\u00f3mo puede mejorar sus h\u00e1bitos de compra y ahorrar dinero?<\/h3>\n\n\n\n<div class=\"wp-block-group answers has-global-padding is-layout-constrained wp-block-group-is-layout-constrained\">\n<p><strong>A.<\/strong> Pasar el rato en el centro comercial durante su tiempo libre<\/p>\n\n\n\n<p><strong>B.<\/strong> Practicar comprar tanto como sea posible<\/p>\n\n\n\n<p class=\"correct\"><strong>C.<\/strong> Siempre lleve una lista de lo que necesita<\/p>\n\n\n\n<p><strong>D.<\/strong> S\u00f3lo compras en l\u00ednea<\/p>\n<\/div>\n\n\n\n<div class=\"wp-block-buttons is-layout-flex wp-block-buttons-is-layout-flex\">\n<div class=\"wp-block-button revealbtn\"><a class=\"wp-block-button__link has-kofe-secondary-background-color has-background wp-element-button\">Mostrar Respuesta<\/a><\/div>\n<\/div>\n<\/div>\n\n\n\n<h3 class=\"wp-block-heading\" id=\"Menores-costos-de-seguros\">Menores costos de seguros<\/h3>\n\n\n\n<p>Siempre hable con su agente sobre descuentos y compare los costos de seguros con regularidad. Nunca se sabe cu\u00e1ndo se encontrar\u00e1 con un descuento. Pruebe estos consejos:<\/p>\n\n\n\n<ul class=\"wp-block-list\">\n<li>Elevar su deducible en el seguro de auto o dejar la cobertura por completo si su coche es viejo.<\/li>\n\n\n\n<li>No pagar por el seguro que no es necesario (electrodom\u00e9sticos, alquiler de coches, etc.).<\/li>\n\n\n\n<li>Si usted tiene una cobertura de vida universal, pensar en convertirla en una cobertura de vida de t\u00e9rmino.<\/li>\n\n\n\n<li>Hacer un chequeo de seguros para ver si tiene suficiente seguro o necesita una cobertura diferente.<\/li>\n\n\n\n<li>No obtener un seguro de vida si no tiene dependientes.<\/li>\n\n\n\n<li>Si se instala un sistema de seguridad en su hogar, compruebe si le dan descuento en su p\u00f3liza de propietario de vivienda.<\/li>\n\n\n\n<li>Agrupar sus p\u00f3lizas de seguro.<\/li>\n<\/ul>\n\n\n\n<h3 class=\"wp-block-heading\" id=\"Ahorrar-en-medicamentos-recetados\">Ahorrar en medicamentos recetados<\/h3>\n\n\n\n<p>Hable con su m\u00e9dico acerca de las opciones de medicamentos gen\u00e9ricos y compare los precios de farmacia. Algunas farmacias son m\u00e1s baratas que otras.<\/p>\n\n\n\n<ul class=\"wp-block-list\">\n<li>Usted puede ser capaz de reducir los costos si es mayor de 55 al convertirse en un miembro de la AARP (Asociaci\u00f3n Americana de Personas Retiradas). Tienen una farmacia de pedidos por correo.<\/li>\n\n\n\n<li>Si desea convertirse en un miembro de la AARP, llame al (888) -687-2277 o visite su sitio web:&nbsp;<a href=\"https:\/\/www.aarp.org\/\" target=\"_blank\" rel=\"noreferrer noopener\">http:\/\/www.aarp.org\/<\/a>.<\/li>\n<\/ul>\n\n\n\n<h3 class=\"wp-block-heading\" id=\"Reducir-sus-costos-bancarios-y-de-cr\u00e9dito\">Reducir sus costos bancarios y de cr\u00e9dito<\/h3>\n\n\n\n<p>T\u00f3mese el tiempo para hablar con los representantes de los bancos y cooperativas de cr\u00e9dito acerca de lo que ofrecen a sus clientes. No sea t\u00edmido. Ellos quieren su negocio, pero no debe precipitarse en cualquier decisi\u00f3n. Elija la instituci\u00f3n que mejor se adapte a su situaci\u00f3n financiera.<\/p>\n\n\n\n<p>Para obtener ayuda adicional, eche un vistazo a\u00a0<a href=\"\/es\/fundamentos-financieros\/fundamentos-bancarios\/\">Conceptos B\u00e1sicos de Banca<\/a>.<\/p>\n\n\n\n<h3 class=\"wp-block-heading\" id=\"Mejore-sus-h\u00e1bitos-de-compra\">Mejore sus h\u00e1bitos de compra<\/h3>\n\n\n\n<p>No compre por impulso. S\u00f3lo compre lo que necesita, ya sea ropa o comestibles \u2013 y siempre lleve una lista de esos art\u00edculos. Adem\u00e1s, no pase su tiempo libre en el centro comercial local. Eso s\u00f3lo aumenta sus posibilidades de gastar dinero en cosas que no necesita.<\/p>\n","protected":false},"excerpt":{"rendered":"<p>Mientras m\u00e1s gastos reduce, m\u00e1s dinero ahorra La reducci\u00f3n de los gastos mensuales proporciona dinero adicional que se pueden utilizar para impulsar otros segmentos de su cartera financiera, tales como ahorros para el retiro. Saber que tiene dinero extra trabajando para su futuro tambi\u00e9n facilita los niveles de estr\u00e9s. Echa un vistazo a nuestra lista [&hellip;]<\/p>\n","protected":false},"author":1,"featured_media":253,"parent":96,"menu_order":0,"comment_status":"closed","ping_status":"closed","template":"page-sidebar","meta":{"_acf_changed":false,"footnotes":""},"categories":[],"tags":[45,49],"class_list":["post-107","page","type-page","status-publish","has-post-thumbnail","hentry","tag-gastos","tag-reducir"],"acf":[],"featured_image_src":"https:\/\/branded.staging.myfinancial-life.com\/wp-content\/uploads\/sites\/17\/2024\/01\/Reduce-Your-Expenses.jpg","featured_image_src_square":"https:\/\/branded.staging.myfinancial-life.com\/wp-content\/uploads\/sites\/17\/2024\/01\/Reduce-Your-Expenses.jpg","_links":{"self":[{"href":"https:\/\/branded.staging.myfinancial-life.com\/es\/wp-json\/wp\/v2\/pages\/107","targetHints":{"allow":["GET"]}}],"collection":[{"href":"https:\/\/branded.staging.myfinancial-life.com\/es\/wp-json\/wp\/v2\/pages"}],"about":[{"href":"https:\/\/branded.staging.myfinancial-life.com\/es\/wp-json\/wp\/v2\/types\/page"}],"author":[{"embeddable":true,"href":"https:\/\/branded.staging.myfinancial-life.com\/es\/wp-json\/wp\/v2\/users\/1"}],"replies":[{"embeddable":true,"href":"https:\/\/branded.staging.myfinancial-life.com\/es\/wp-json\/wp\/v2\/comments?post=107"}],"version-history":[{"count":1,"href":"https:\/\/branded.staging.myfinancial-life.com\/es\/wp-json\/wp\/v2\/pages\/107\/revisions"}],"predecessor-version":[{"id":203,"href":"https:\/\/branded.staging.myfinancial-life.com\/es\/wp-json\/wp\/v2\/pages\/107\/revisions\/203"}],"up":[{"embeddable":true,"href":"https:\/\/branded.staging.myfinancial-life.com\/es\/wp-json\/wp\/v2\/pages\/96"}],"wp:featuredmedia":[{"embeddable":true,"href":"https:\/\/branded.staging.myfinancial-life.com\/es\/wp-json\/wp\/v2\/media\/253"}],"wp:attachment":[{"href":"https:\/\/branded.staging.myfinancial-life.com\/es\/wp-json\/wp\/v2\/media?parent=107"}],"wp:term":[{"taxonomy":"category","embeddable":true,"href":"https:\/\/branded.staging.myfinancial-life.com\/es\/wp-json\/wp\/v2\/categories?post=107"},{"taxonomy":"post_tag","embeddable":true,"href":"https:\/\/branded.staging.myfinancial-life.com\/es\/wp-json\/wp\/v2\/tags?post=107"}],"curies":[{"name":"wp","href":"https:\/\/api.w.org\/{rel}","templated":true}]}}