{"id":109,"date":"2023-01-30T17:02:45","date_gmt":"2023-01-30T17:02:45","guid":{"rendered":"https:\/\/branded.staging.myfinancial-life.com\/fundamentos-financieros\/guias-para-manejar-sus-gastos\/"},"modified":"2024-01-25T18:51:06","modified_gmt":"2024-01-25T18:51:06","slug":"guias-para-manejar-sus-gastos","status":"publish","type":"page","link":"https:\/\/branded.staging.myfinancial-life.com\/es\/fundamentos-financieros\/guias-para-manejar-sus-gastos\/","title":{"rendered":"Tome ventaja de las gu\u00edas de gastos"},"content":{"rendered":"\n<h2 class=\"wp-block-heading\" id=\"Obtenga-informaci\u00f3n-sobre-sus-consumos\">Obtenga informaci\u00f3n sobre sus consumos<\/h2>\n\n\n\n<p>Cada hogar gasta dinero en diferentes formas. Depende de varios factores, como lo que se gana la vida, en la que trabaja, d\u00f3nde vive, y lo que es el propietario o est\u00e1 pagando.<\/p>\n\n\n\n<p>Sin embargo, el examen de las directrices generales de gasto sigue siendo \u00fatil. Pueden identificar las \u00e1reas donde se gast\u00f3 excesivamente y las \u00e1reas donde se puede recortar y ahorrar dinero adicional.<\/p>\n\n\n\n<p>Antes de que vayamos m\u00e1s dejar de probar sus habilidades en esta materia.<\/p>\n\n\n\n<h3 class=\"wp-block-heading\" id=\"Vamos-a-hacer-un-Quiz\">\u00a1Vamos a hacer un Quiz!<\/h3>\n\n\n\n<p><strong>Probar sus habilidades antes de empezar a ver la cantidad de ayuda que necesita. \u00bfPuede saltarse esta secci\u00f3n o necesita tomar alg\u00fan tiempo sobre este tema?<\/strong><\/p>\n\n\n\n<div class=\"wp-block-group container rounded-2xl p-10 flashcard has-kofe-info-background-color has-background has-global-padding is-layout-constrained wp-block-group-is-layout-constrained\">\n<h3 class=\"wp-block-heading\">\u00bfCu\u00e1nto dinero hay que poner en ahorros cada mes?<\/h3>\n\n\n\n<div class=\"wp-block-group answers has-global-padding is-layout-constrained wp-block-group-is-layout-constrained\">\n<p><strong>A.<\/strong> 2% de cada cheque de pago<\/p>\n\n\n\n<p class=\"correct\"><strong>B.<\/strong> 10% de cada cheque de pago<\/p>\n\n\n\n<p><strong>C.<\/strong> Cualquier caja libre le sobra al final del mes<\/p>\n\n\n\n<p><strong>D.<\/strong> Cualquier cosa que se puede sacar fuera del sof\u00e1 y se encuentra en las tablas del suelo de su coche<\/p>\n<\/div>\n\n\n\n<div class=\"wp-block-buttons is-layout-flex wp-block-buttons-is-layout-flex\">\n<div class=\"wp-block-button revealbtn\"><a class=\"wp-block-button__link has-kofe-secondary-background-color has-background wp-element-button\">Mostrar Respuesta<\/a><\/div>\n<\/div>\n<\/div>\n\n\n\n<div class=\"wp-block-group container rounded-2xl p-10 flashcard has-kofe-info-background-color has-background has-global-padding is-layout-constrained wp-block-group-is-layout-constrained\">\n<h3 class=\"wp-block-heading\">\u00bfCu\u00e1l es la cosa m\u00e1s importante de su presupuesto tiene que ser?<\/h3>\n\n\n\n<div class=\"wp-block-group answers has-global-padding is-layout-constrained wp-block-group-is-layout-constrained\">\n<p><strong>A.<\/strong> Justo<\/p>\n\n\n\n<p class=\"correct\"><strong>B.<\/strong> Equilibrado<\/p>\n\n\n\n<p><strong>C.<\/strong> Impenetrable<\/p>\n\n\n\n<p><strong>D.<\/strong> Aspiracional<\/p>\n<\/div>\n\n\n\n<div class=\"wp-block-buttons is-layout-flex wp-block-buttons-is-layout-flex\">\n<div class=\"wp-block-button revealbtn\"><a class=\"wp-block-button__link has-kofe-secondary-background-color has-background wp-element-button\">Mostrar Respuesta<\/a><\/div>\n<\/div>\n<\/div>\n\n\n\n<h3 class=\"wp-block-heading\" id=\"Directrices-generales-de-gasto-de-su-presupuesto\">Directrices generales de gasto de su presupuesto<\/h3>\n\n\n\n<figure class=\"wp-block-image size-large\"><img decoding=\"async\" src=\"https:\/\/demo123.kofetime.com\/wp-content\/uploads\/sites\/54\/2023\/03\/spending-guidelines-chart-SP-1024x634.png\" alt=\"Gu\u00edas de gastos\" class=\"wp-image-5383\" \/><\/figure>\n\n\n\n<h3 class=\"wp-block-heading\" id=\"El-objetivo-de-estas-directrices\">El objetivo de estas directrices<\/h3>\n\n\n\n<p>Recuerde que estas pautas son generales. Algunas familias pueden gastar m\u00e1s dinero en ropa y alimentos y otros en el transporte, por ejemplo.<\/p>\n\n\n\n<p>Sin embargo, estas directrices no te dan una estimaci\u00f3n de lo que generalmente se gasta en cada categor\u00eda. Las categor\u00edas en las que gasta m\u00e1s de lo que se muestra deben ser las \u00e1reas que orienta primero para la reducci\u00f3n de gastos. Ese es el prop\u00f3sito de esta carta, para identificar las \u00e1reas donde se puede ahorrar dinero.<\/p>\n\n\n\n<h3 class=\"wp-block-heading\" id=\"No-tome-demasiado-en-serio-las-directrices\">No tome demasiado en serio las directrices<\/h3>\n\n\n\n<p>Estos porcentajes no son literales. Algunas personas pueden vivir en Manhattan, por lo que, obviamente, gastar m\u00e1s dinero en la vivienda de alguien que vive en Butte, Montana. Las personas que viven en Manhattan no pueden poseer un auto, pero viajan en transporte p\u00fablico. La gente en Butte pueden tener dos pr\u00e9stamos de autom\u00f3viles, pero su casa cuesta una fracci\u00f3n en comparaci\u00f3n con un condominio de Manhattan.<\/p>\n\n\n\n<p>Al final todo se equilibra. El punto aqu\u00ed es que la construcci\u00f3n de un presupuesto var\u00eda, pero independientemente de las variaciones que a\u00fan debe trabajar hacia un presupuesto equilibrado que est\u00e1 efectivamente le ahorra dinero.<\/p>\n\n\n\n<h3 class=\"wp-block-heading\" id=\"Qu\u00e9-hacer-si-sus-n\u00fameros-son-diferentes\">\u00bfQu\u00e9 hacer si sus n\u00fameros son diferentes?<\/h3>\n\n\n\n<p>Si los porcentajes son muy diferentes de las directrices debido a algunas circunstancias \u00fanicas, no se preocupe. Cree sus propias directrices que se ajusten a su presupuesto. Puede utilizar estas directrices como modelo de comparaci\u00f3n. Si el gasto se vuelve excesivo en ciertas categor\u00edas, a continuaci\u00f3n, puede identificar el problema y solucionarlo r\u00e1pidamente.<\/p>\n","protected":false},"excerpt":{"rendered":"<p>Obtenga informaci\u00f3n sobre sus consumos Cada hogar gasta dinero en diferentes formas. Depende de varios factores, como lo que se gana la vida, en la que trabaja, d\u00f3nde vive, y lo que es el propietario o est\u00e1 pagando. Sin embargo, el examen de las directrices generales de gasto sigue siendo \u00fatil. Pueden identificar las \u00e1reas [&hellip;]<\/p>\n","protected":false},"author":1,"featured_media":255,"parent":96,"menu_order":0,"comment_status":"closed","ping_status":"closed","template":"page-sidebar","meta":{"_acf_changed":false,"footnotes":""},"categories":[],"tags":[44,45,46,47],"class_list":["post-109","page","type-page","status-publish","has-post-thumbnail","hentry","tag-administrar","tag-gastos","tag-guias","tag-manejar"],"acf":[],"featured_image_src":"https:\/\/branded.staging.myfinancial-life.com\/wp-content\/uploads\/sites\/17\/2024\/01\/Spending-Guidelines.jpg","featured_image_src_square":"https:\/\/branded.staging.myfinancial-life.com\/wp-content\/uploads\/sites\/17\/2024\/01\/Spending-Guidelines.jpg","_links":{"self":[{"href":"https:\/\/branded.staging.myfinancial-life.com\/es\/wp-json\/wp\/v2\/pages\/109","targetHints":{"allow":["GET"]}}],"collection":[{"href":"https:\/\/branded.staging.myfinancial-life.com\/es\/wp-json\/wp\/v2\/pages"}],"about":[{"href":"https:\/\/branded.staging.myfinancial-life.com\/es\/wp-json\/wp\/v2\/types\/page"}],"author":[{"embeddable":true,"href":"https:\/\/branded.staging.myfinancial-life.com\/es\/wp-json\/wp\/v2\/users\/1"}],"replies":[{"embeddable":true,"href":"https:\/\/branded.staging.myfinancial-life.com\/es\/wp-json\/wp\/v2\/comments?post=109"}],"version-history":[{"count":1,"href":"https:\/\/branded.staging.myfinancial-life.com\/es\/wp-json\/wp\/v2\/pages\/109\/revisions"}],"predecessor-version":[{"id":201,"href":"https:\/\/branded.staging.myfinancial-life.com\/es\/wp-json\/wp\/v2\/pages\/109\/revisions\/201"}],"up":[{"embeddable":true,"href":"https:\/\/branded.staging.myfinancial-life.com\/es\/wp-json\/wp\/v2\/pages\/96"}],"wp:featuredmedia":[{"embeddable":true,"href":"https:\/\/branded.staging.myfinancial-life.com\/es\/wp-json\/wp\/v2\/media\/255"}],"wp:attachment":[{"href":"https:\/\/branded.staging.myfinancial-life.com\/es\/wp-json\/wp\/v2\/media?parent=109"}],"wp:term":[{"taxonomy":"category","embeddable":true,"href":"https:\/\/branded.staging.myfinancial-life.com\/es\/wp-json\/wp\/v2\/categories?post=109"},{"taxonomy":"post_tag","embeddable":true,"href":"https:\/\/branded.staging.myfinancial-life.com\/es\/wp-json\/wp\/v2\/tags?post=109"}],"curies":[{"name":"wp","href":"https:\/\/api.w.org\/{rel}","templated":true}]}}