{"id":92,"date":"2023-02-01T19:57:51","date_gmt":"2023-02-01T19:57:51","guid":{"rendered":"https:\/\/branded.staging.myfinancial-life.com\/aprende-ahora\/videos-de-educacion-financiera\/"},"modified":"2024-01-23T14:48:56","modified_gmt":"2024-01-23T14:48:56","slug":"videos-de-educacion-financiera","status":"publish","type":"page","link":"https:\/\/branded.staging.myfinancial-life.com\/es\/aprende-ahora\/videos-de-educacion-financiera\/","title":{"rendered":"Videos de Educaci\u00f3n Financiera"},"content":{"rendered":"\n<div class=\"wp-block-group bg-kofeInfo mt-0 has-global-padding is-layout-constrained wp-block-group-is-layout-constrained\">\n<div class=\"wp-block-group container py-20 has-global-padding is-layout-constrained wp-block-group-is-layout-constrained\">\n\n<h2 class=\"alignwide wp-block-post-title has-var-wp-custom-typography-font-size-huge-clamp-2-25-rem-4-vw-2-75-rem-font-size\">Videos de Educaci\u00f3n Financiera<\/h2>\n\n\n<p>Nuestros videos son concisos y f\u00e1ciles de entender. Demuestran m\u00e9todos comprobados de la vida real sobre el uso responsable del cr\u00e9dito, lectura y disputa de errores en su informe de cr\u00e9dito, problemas de vivienda como obtener una hipoteca y refinanciar los t\u00e9rminos de la hipoteca. Tambi\u00e9n hay informaci\u00f3n valiosa sobre presupuestos y m\u00e1s.<\/p>\n<\/div>\n<\/div>\n\n\n\n<div class=\"wp-block-group has-global-padding is-layout-constrained wp-block-group-is-layout-constrained\" style=\"margin-top:0;padding-top:var(--wp--preset--spacing--40)\">  <input type=\"hidden\" id=\"cpt-custom\" value=\"\">\n\n<div class=\"cpt-list-container\">\n      <div class=\"cpt-l-taxonomy\">\n      <div class=\"active-taxonomy\">\n        <a href=\"#\" id=\"taxonomy-all\" class=\"cpt-taxonomy-link\" data-id=\"all\">Todo<\/a>\n      <\/div>\n                  <div>\n                <a href=\"#\" id=\"taxonomy-81\" class=\"cpt-taxonomy-link\" data-id=\"81\">Destacado<\/a>\n            <\/div>\n                        <div>\n                <a href=\"#\" id=\"taxonomy-83\" class=\"cpt-taxonomy-link\" data-id=\"83\">Presupuesto<\/a>\n            <\/div>\n                        <div>\n                <a href=\"#\" id=\"taxonomy-85\" class=\"cpt-taxonomy-link\" data-id=\"85\">Cr\u00e9dito<\/a>\n            <\/div>\n                        <div>\n                <a href=\"#\" id=\"taxonomy-87\" class=\"cpt-taxonomy-link\" data-id=\"87\">Eventos de la vida<\/a>\n            <\/div>\n                <\/div>\n  \n  <input type=\"hidden\" id=\"cpt-container\" value=\"video\">\n\n  <div id=\"spinner-container\" class=\"item-filter-hide\">\n    <div class=\"sk-chase\">\n      <div class=\"sk-chase-dot\"><\/div>\n      <div class=\"sk-chase-dot\"><\/div>\n      <div class=\"sk-chase-dot\"><\/div>\n      <div class=\"sk-chase-dot\"><\/div>\n      <div class=\"sk-chase-dot\"><\/div>\n      <div class=\"sk-chase-dot\"><\/div>\n    <\/div>\n  <\/div>\n\n  <div id=\"cpt-list-result\" class=\"cpt-list-result \"><\/div>\n\n      <div class=\"item-filter-hide\" id=\"cpt-button-container\">\n      <div role=\"button\" id=\"cpt-see-more-button\">Ver m\u00e1s<\/div>\n    <\/div>\n<\/div>\n<\/div>\n","protected":false},"excerpt":{"rendered":"<p>Nuestros videos son concisos y f\u00e1ciles de entender. Demuestran m\u00e9todos comprobados de la vida real sobre el uso responsable del cr\u00e9dito, lectura y disputa de errores en su informe de cr\u00e9dito, problemas de vivienda como obtener una hipoteca y refinanciar los t\u00e9rminos de la hipoteca. Tambi\u00e9n hay informaci\u00f3n valiosa sobre presupuestos y m\u00e1s.<\/p>\n","protected":false},"author":1,"featured_media":275,"parent":76,"menu_order":0,"comment_status":"closed","ping_status":"closed","template":"full-width","meta":{"_acf_changed":false,"footnotes":""},"categories":[],"tags":[],"class_list":["post-92","page","type-page","status-publish","has-post-thumbnail","hentry"],"acf":[],"featured_image_src":"https:\/\/branded.staging.myfinancial-life.com\/wp-content\/uploads\/sites\/17\/2024\/01\/webinarsondemand.jpg","featured_image_src_square":"https:\/\/branded.staging.myfinancial-life.com\/wp-content\/uploads\/sites\/17\/2024\/01\/webinarsondemand.jpg","_links":{"self":[{"href":"https:\/\/branded.staging.myfinancial-life.com\/es\/wp-json\/wp\/v2\/pages\/92","targetHints":{"allow":["GET"]}}],"collection":[{"href":"https:\/\/branded.staging.myfinancial-life.com\/es\/wp-json\/wp\/v2\/pages"}],"about":[{"href":"https:\/\/branded.staging.myfinancial-life.com\/es\/wp-json\/wp\/v2\/types\/page"}],"author":[{"embeddable":true,"href":"https:\/\/branded.staging.myfinancial-life.com\/es\/wp-json\/wp\/v2\/users\/1"}],"replies":[{"embeddable":true,"href":"https:\/\/branded.staging.myfinancial-life.com\/es\/wp-json\/wp\/v2\/comments?post=92"}],"version-history":[{"count":0,"href":"https:\/\/branded.staging.myfinancial-life.com\/es\/wp-json\/wp\/v2\/pages\/92\/revisions"}],"up":[{"embeddable":true,"href":"https:\/\/branded.staging.myfinancial-life.com\/es\/wp-json\/wp\/v2\/pages\/76"}],"wp:featuredmedia":[{"embeddable":true,"href":"https:\/\/branded.staging.myfinancial-life.com\/es\/wp-json\/wp\/v2\/media\/275"}],"wp:attachment":[{"href":"https:\/\/branded.staging.myfinancial-life.com\/es\/wp-json\/wp\/v2\/media?parent=92"}],"wp:term":[{"taxonomy":"category","embeddable":true,"href":"https:\/\/branded.staging.myfinancial-life.com\/es\/wp-json\/wp\/v2\/categories?post=92"},{"taxonomy":"post_tag","embeddable":true,"href":"https:\/\/branded.staging.myfinancial-life.com\/es\/wp-json\/wp\/v2\/tags?post=92"}],"curies":[{"name":"wp","href":"https:\/\/api.w.org\/{rel}","templated":true}]}}