{"id":97,"date":"2023-03-15T21:01:18","date_gmt":"2023-03-15T21:01:18","guid":{"rendered":"https:\/\/branded.staging.myfinancial-life.com\/fundamentos-financieros\/como-ahorrar-para-el-retiro\/"},"modified":"2024-01-29T20:44:58","modified_gmt":"2024-01-29T20:44:58","slug":"como-ahorrar-para-el-retiro","status":"publish","type":"page","link":"https:\/\/branded.staging.myfinancial-life.com\/es\/fundamentos-financieros\/como-ahorrar-para-el-retiro\/","title":{"rendered":"C\u00f3mo ahorrar para el retiro cuando no cree que pueda ahorrar en absoluto"},"content":{"rendered":"\n<h2 class=\"wp-block-heading\" id=\"ahorrar\">La mejor forma de ahorrar es dejar que otras personas ahorren por usted<\/h2>\n\n\n\n<p>Ahorrar lo suficiente para la jubilaci\u00f3n parece imposible para muchas personas. Se sienten tan desilusionados que se han dado por vencidos.<\/p>\n\n\n\n<p>Obst\u00e1culos como las deudas de tarjetas de cr\u00e9dito o vivir de cheque en cheque evitan que muchos ahorren para el futuro. Casi <a href=\"https:\/\/anytimeestimate.com\/research\/americans-no-longer-saving-for-retirement\/\">2 de cada 5 personas<\/a> [ENG] no est\u00e1n ahorrando para su retiro. Esa es la triste conclusi\u00f3n de una encuesta de m\u00e1s de 1,000 personas, realizada por el sitio de finanzas personales Anytime Estimate.<\/p>\n\n\n\n<p>La mejor manera de superar ese miedo hoy es tomar decisiones positivas para el ma\u00f1ana. Muchas empresas pagan a los trabajadores simplemente para que ahorren dinero por cuenta propia. Pero hay a\u00fan m\u00e1s recursos que puede utilizar.<\/p>\n\n\n\n<p>Esta gu\u00eda puede ayudarle y ense\u00f1arle c\u00f3mo ahorrar para el retiro mientras paga sus deudas. Aqu\u00ed sabr\u00e1 c\u00f3mo hacer ambas cosas.<\/p>\n\n\n\n<h3 class=\"wp-block-heading\" id=\"cheque-en-cheque\">Si vive de cheque en cheque&#8230;<\/h3>\n\n\n\n<p>El primer paso es comenzar un presupuesto. Es hora de empezar si a\u00fan no lo ha hecho. Tenemos recursos que pueden facilitar la <a href=\"\/es\/aprende-ahora\/publicaciones-financieras\/por-que-debo-presupuestar\/\">elaboraci\u00f3n de presupuestos<\/a>.<\/p>\n\n\n\n<p>Estos son los pasos principales:<\/p>\n\n\n\n<ul class=\"wp-block-list\">\n<li>Calcule sus ingresos<\/li>\n\n\n\n<li>Calcule los gastos mensuales<\/li>\n\n\n\n<li>Establezca metas alcanzables y medibles<\/li>\n\n\n\n<li>Verifique y ajuste sus n\u00fameros para mantenerse dentro del presupuesto<\/li>\n<\/ul>\n\n\n\n<p>El 60% de las personas en Estados Unidos viven de cheque en cheque. La inflaci\u00f3n es tan alta que casi la mitad de las personas con ingresos de seis cifras dicen estar &#8220;luchando para salir adelante&#8221;.<\/p>\n\n\n\n<p>Es dif\u00edcil reservar dinero extra para ahorrar cuando no le queda nada para su pr\u00f3ximo d\u00eda de pago. La mayor\u00eda de los trabajadores ponen entre $50 y $150 en sus cuentas de ahorro cada dos semanas. Eso puede ser mucho pedir si est\u00e1 usando cada centavo para gastos.<\/p>\n\n\n\n<p>Comience sumando sus ingresos. Hay tres tipos diferentes de ingresos que debe conocer:<\/p>\n\n\n\n<ul class=\"wp-block-list\">\n<li>Los ingresos activos que incluyen cosas como salarios y bonificaciones.<\/li>\n\n\n\n<li>Los ingresos pasivos incluyen el inter\u00e9s social, el seguro social y los ingresos por pensiones.<\/li>\n\n\n\n<li>El ingreso variable es cualquier cosa que puede cambiar de una semana a otra.<\/li>\n<\/ul>\n\n\n\n<p>Luego haga un recuento de sus gastos y decida qu\u00e9 es una necesidad y qu\u00e9 es un gasto discrecional, algo que desea, pero no necesita. Limite la frecuencia con la que sale a comer y elimine las suscripciones que no necesita.<\/p>\n\n\n\n<p>Mientras elabora su presupuesto, f\u00edjese objetivos y aseg\u00farese de que sean realistas para su situaci\u00f3n. Tambi\u00e9n debe ser capaz de medir la meta. Por ejemplo, \u201cAhorrar\u00e9 $500 en dos meses\u201d. Una vez que haya hecho todo eso, solo necesita mantenerse al tanto. Es una buena idea mirar hacia atr\u00e1s y revisar sus gastos peri\u00f3dicamente. De esa manera, puede ajustar sus objetivos seg\u00fan sea necesario.<\/p>\n\n\n\n<h3 class=\"wp-block-heading\" id=\"soluciones\">Encuentre soluciones para reducir los pagos de su deuda<\/h3>\n\n\n\n<p>Es hora de pagar su deuda ahora que est\u00e1 aprovechando las ofertas de su empleador y reduciendo sus gastos discrecionales. El objetivo es limitar sus pagos mensuales para que tenga dinero extra para ahorrar. Hay tres formas principales de hacer esto.<\/p>\n\n\n\n<h4 class=\"wp-block-heading\">1. Consolidaci\u00f3n de deuda<\/h4>\n\n\n\n<p>Este m\u00e9todo refinancia su deuda. Un pr\u00e9stamo de consolidaci\u00f3n de deuda combina todas sus deudas en una sola cuenta. Esto no solo facilita el seguimiento de los pagos, sino que tambi\u00e9n reduce la APR que est\u00e1 pagando por esos pr\u00e9stamos. Esto le ahorrar\u00e1 el dinero que necesita para acumular sus ahorros.<\/p>\n\n\n\n<p>Esto funciona para cualquier deuda no garantizada como tarjetas de cr\u00e9dito, pr\u00e9stamos personales, pr\u00e9stamos estudiantiles e impuestos atrasados.<\/p>\n\n\n\n<h4 class=\"wp-block-heading\">2. Un programa de manejo de deudas<\/h4>\n\n\n\n<p>Los programas de manejo de deudas (DMP, por sus siglas en ingl\u00e9s) es un acuerdo entre usted y sus prestamistas. Un servicio de consejer\u00eda de cr\u00e9dito al consumidor sin fines de lucro act\u00faa como intermediario para consolidar sus deudas en un solo plan de pagos. El equipo de consejer\u00eda aboga en su nombre, tratando de reducir o eliminar los pagos de intereses y las tarifas.<\/p>\n\n\n\n<p>Puede usar un DMP para tarjetas de cr\u00e9dito, pr\u00e9stamos personales, algunas facturas m\u00e9dicas y tal vez pr\u00e9stamos de d\u00eda de pago.<\/p>\n\n\n\n<h4 class=\"wp-block-heading\">3. Planes de pago de pr\u00e9stamos estudiantiles federales basados \u200b\u200ben dificultades<\/h4>\n\n\n\n<p>Esto, por supuesto, solo funciona para la deuda de pr\u00e9stamos estudiantiles. Estos planes crean un nuevo pago mensual que se basa en su ingreso bruto ajustado (AGI) y el tama\u00f1o de su familia. Esta es una gran opci\u00f3n porque los pagos pueden reducirse al 10-20% o menos de su AGI.<\/p>\n\n\n\n<p>Debe comenzar a liberar m\u00e1s y m\u00e1s dinero que puede destinar a su 401(k) a medida que utiliza cualquiera de estas soluciones de deuda y comienza a presupuestar. Cuanto m\u00e1s saludables sean sus ahorros, m\u00e1s feliz ser\u00e1 cuando llegue el momento de su retiro.<\/p>\n\n\n\n<h3 class=\"wp-block-heading\" id=\"410k\">Use el 401(k) de su empleador<\/h3>\n\n\n\n<p>Un plan 401(k) es una de las mejores herramientas para ahorrar para su retiro.<\/p>\n\n\n\n<p>Hay cuentas individuales y cuentas patrocinadas por el empleador. Vea si su empleador ofrece un programa de aportaci\u00f3n. Por cada d\u00f3lar que deposite en su 401(k), su empleador lo igualar\u00e1 en un cierto porcentaje. Es dinero gratis que va directamente a su retiro.<\/p>\n\n\n\n<p>El dinero que deposita en un 401(k) tiene impuestos diferidos hasta que lo retire. Por lo tanto, no pagar\u00e1 impuestos sobre esos fondos durante a\u00f1os. Esto es \u00fatil porque la mayor\u00eda de los jubilados terminan en una categor\u00eda impositiva m\u00e1s baja de la que ten\u00edan antes de retirarse.<\/p>\n\n\n\n<h3 class=\"wp-block-heading\" id=\"IRA\">Acuerdo de Retiro Individual (IRA)<\/h3>\n\n\n\n<p>Una IRA es una excelente opci\u00f3n si no tiene un 401(k) o desea complementar uno. Es un plan de ahorro que no est\u00e1 vinculado a su empleador. Las cuentas IRA, como las 401(k), le permiten hacer contribuciones con impuestos diferidos a sus ahorros para la jubilaci\u00f3n.<\/p>\n\n\n\n<p>Hay dos tipos de IRA: IRA tradicional e IRA Roth. Una cuenta IRA Roth es la m\u00e1s com\u00fan y popular. Realiza contribuciones con ingresos despu\u00e9s de impuestos, pero no pagar\u00e1 impuestos cuando retire el dinero una vez que se jubile. El l\u00edmite de contribuci\u00f3n de IRA de 2019 es de $6,000, por lo que es lo m\u00e1ximo que puede contribuir actualmente en un solo a\u00f1o.<\/p>\n\n\n\n<p>Una IRA tradicional no tiene l\u00edmite y es mejor para los trabajadores que no tienen acceso a un 401(k). Puede hacer contribuciones a una IRA tradicional hasta que tenga 70 a\u00f1os y medio y no hay l\u00edmites de contribuci\u00f3n, lo que la convierte en la opci\u00f3n de IRA m\u00e1s popular.<\/p>\n\n\n\n<p>Una cuenta IRA Roth es mejor para los trabajadores de clase baja a media, ya que el gobierno solo permite tramos impositivos m\u00e1s bajos para abrir una. Las cuentas IRA Roth tambi\u00e9n tienen un l\u00edmite de contribuci\u00f3n de $6,000. Esto aumenta a $7,000 para los mayores de 50 a\u00f1os.<\/p>\n\n\n\n<h3 class=\"wp-block-heading\" id=\"cuanto-dinero-necesita\">\u00bfCu\u00e1nto dinero necesita para retirarse?<\/h3>\n\n\n\n<p>Los expertos generalmente sugieren que ahorre alrededor de $1.5 millones. Alcanzar esa marca le dar\u00e1 alrededor de $60,000 al a\u00f1o, dependiendo de cu\u00e1ndo se retire. Parece mucho, pero es factible.<\/p>\n\n\n\n<figure class=\"wp-block-table is-style-stripes\"><table><thead><tr><th>Ahorro total a los 65<\/th><th>Ingreso anual de los ahorros<\/th><\/tr><\/thead><tbody><tr><td>$300,000<\/td><td>$12,270\/a\u00f1o<\/td><\/tr><tr><td>$1,000,000<\/td><td>$40,900\/a\u00f1o<\/td><\/tr><tr><td>$1,500,000<\/td><td>$61,350\/a\u00f1o<\/td><\/tr><\/tbody><\/table><\/figure>\n\n\n\n<p>Al final del d\u00eda, todo depende del tipo de estilo de vida que usted quiera mantener. Tambi\u00e9n tendr\u00e1 algunos ingresos del Seguro Social mientras est\u00e9 jubilado. En 2023, el pago promedio es de <a href=\"https:\/\/www.aarp.org\/retirement\/social-security\/questions-answers\/how-much-social-security-will-i-get.html#:~:text=For%20reference%2C%20the%20average%20Social,an%20estimated%20%241%2C827%20a%20month.\" target=\"_blank\" rel=\"noreferrer noopener\">$1,827<\/a> [ENG] al mes.<\/p>\n","protected":false},"excerpt":{"rendered":"<p>La mejor forma de ahorrar es dejar que otras personas ahorren por usted Ahorrar lo suficiente para la jubilaci\u00f3n parece imposible para muchas personas. Se sienten tan desilusionados que se han dado por vencidos. Obst\u00e1culos como las deudas de tarjetas de cr\u00e9dito o vivir de cheque en cheque evitan que muchos ahorren para el futuro. [&hellip;]<\/p>\n","protected":false},"author":1,"featured_media":261,"parent":96,"menu_order":0,"comment_status":"closed","ping_status":"closed","template":"page-sidebar","meta":{"_acf_changed":false,"footnotes":""},"categories":[],"tags":[48],"class_list":["post-97","page","type-page","status-publish","has-post-thumbnail","hentry","tag-fundamentos-bancarios"],"acf":[],"featured_image_src":"https:\/\/branded.staging.myfinancial-life.com\/wp-content\/uploads\/sites\/17\/2024\/01\/savings-for-retirement.jpg","featured_image_src_square":"https:\/\/branded.staging.myfinancial-life.com\/wp-content\/uploads\/sites\/17\/2024\/01\/savings-for-retirement.jpg","_links":{"self":[{"href":"https:\/\/branded.staging.myfinancial-life.com\/es\/wp-json\/wp\/v2\/pages\/97","targetHints":{"allow":["GET"]}}],"collection":[{"href":"https:\/\/branded.staging.myfinancial-life.com\/es\/wp-json\/wp\/v2\/pages"}],"about":[{"href":"https:\/\/branded.staging.myfinancial-life.com\/es\/wp-json\/wp\/v2\/types\/page"}],"author":[{"embeddable":true,"href":"https:\/\/branded.staging.myfinancial-life.com\/es\/wp-json\/wp\/v2\/users\/1"}],"replies":[{"embeddable":true,"href":"https:\/\/branded.staging.myfinancial-life.com\/es\/wp-json\/wp\/v2\/comments?post=97"}],"version-history":[{"count":2,"href":"https:\/\/branded.staging.myfinancial-life.com\/es\/wp-json\/wp\/v2\/pages\/97\/revisions"}],"predecessor-version":[{"id":384,"href":"https:\/\/branded.staging.myfinancial-life.com\/es\/wp-json\/wp\/v2\/pages\/97\/revisions\/384"}],"up":[{"embeddable":true,"href":"https:\/\/branded.staging.myfinancial-life.com\/es\/wp-json\/wp\/v2\/pages\/96"}],"wp:featuredmedia":[{"embeddable":true,"href":"https:\/\/branded.staging.myfinancial-life.com\/es\/wp-json\/wp\/v2\/media\/261"}],"wp:attachment":[{"href":"https:\/\/branded.staging.myfinancial-life.com\/es\/wp-json\/wp\/v2\/media?parent=97"}],"wp:term":[{"taxonomy":"category","embeddable":true,"href":"https:\/\/branded.staging.myfinancial-life.com\/es\/wp-json\/wp\/v2\/categories?post=97"},{"taxonomy":"post_tag","embeddable":true,"href":"https:\/\/branded.staging.myfinancial-life.com\/es\/wp-json\/wp\/v2\/tags?post=97"}],"curies":[{"name":"wp","href":"https:\/\/api.w.org\/{rel}","templated":true}]}}