{"id":98,"date":"2023-03-16T13:44:09","date_gmt":"2023-03-16T13:44:09","guid":{"rendered":"https:\/\/branded.staging.myfinancial-life.com\/fundamentos-financieros\/como-ahorrar-para-la-universidad\/"},"modified":"2024-01-25T18:53:29","modified_gmt":"2024-01-25T18:53:29","slug":"como-ahorrar-para-la-universidad","status":"publish","type":"page","link":"https:\/\/branded.staging.myfinancial-life.com\/es\/fundamentos-financieros\/como-ahorrar-para-la-universidad\/","title":{"rendered":"C\u00f3mo ahorrar para la universidad, incluso si a\u00fan no ha comenzado"},"content":{"rendered":"\n<h2 class=\"wp-block-heading\" id=\"pr\u00e9stamos-estudiantiles\">Env\u00ede a sus hijos a la escuela mientras evita la deuda de pr\u00e9stamos estudiantiles.<\/h2>\n\n\n\n<p>La mayor\u00eda de los padres dicen que ahorrar para la educaci\u00f3n universitaria de sus hijos es m\u00e1s dif\u00edcil de lo que pensaban que ser\u00eda, seg\u00fan una <a href=\"https:\/\/www.lendingtree.com\/student\/survey-parents-saving-for-college-harder-than-anticipated\/\" target=\"_blank\" rel=\"noreferrer noopener\">encuesta de investigaci\u00f3n<\/a> [ENG]. Los padres tambi\u00e9n le dijeron a LendingTree que se sienten culpables por no ahorrar m\u00e1s para sus hijos.<\/p>\n\n\n\n<p>Pero no es su culpa. Ahorrar para la universidad se ha vuelto m\u00e1s dif\u00edcil desde que naci\u00f3 su hijo.<\/p>\n\n\n\n<p>La matr\u00edcula estatal y las tarifas en las universidades p\u00fablicas han aumentado en <a href=\"https:\/\/www.usnews.com\/education\/best-colleges\/paying-for-college\/articles\/see-20-years-of-tuition-growth-at-national-universities\" target=\"_blank\" rel=\"noreferrer noopener\">un 175 por ciento<\/a> [ENG] en los \u00faltimos 20 a\u00f1os. Pero \u00bfqu\u00e9 tan cara es una educaci\u00f3n de cuatro a\u00f1os?<\/p>\n\n\n\n<p>En el estado: $25,707<\/p>\n\n\n\n<p>Fuera del estado: $44,014<\/p>\n\n\n\n<p>Privada: $54,501<\/p>\n\n\n\n<p>Depender de la deuda para cubrir esos costos solo lo llevar\u00e1 a una carga mayor m\u00e1s adelante, por lo que es importante comenzar a ahorrar lo antes posible. <a href=\"https:\/\/educationdata.org\/average-cost-of-college\" target=\"_blank\" rel=\"noreferrer noopener\">Education Data<\/a> [ENG] muestra que, si consideramos el inter\u00e9s de los pr\u00e9stamos estudiantiles, una licenciatura podr\u00eda exceder los $500,000. Evitemos esas tarifas adicionales.<\/p>\n\n\n\n<p>En esta gu\u00eda, le mostraremos c\u00f3mo comenzar a ahorrar.<\/p>\n\n\n\n<h3 class=\"wp-block-heading\" id=\"Abrir-una-cuenta-de-ahorros\">Abrir una cuenta de ahorros<\/h3>\n\n\n\n<p>Una cuenta de ahorros tradicional funciona, pero hay otras opciones dise\u00f1adas espec\u00edficamente para ahorros educativos.<\/p>\n\n\n\n<p>Estas son algunas de las m\u00e1s populares.<\/p>\n\n\n\n<h4 class=\"wp-block-heading\">Plan de ahorro 529<\/h4>\n\n\n\n<p>Estos son planes de inversi\u00f3n patrocinados por el estado. A trav\u00e9s de un 529, puede enumerar un beneficiario y sacar dinero libre de impuestos para gastos educativos como libros, alojamiento y comida, y matr\u00edcula. Cada estado tiene reglas diferentes, pero los l\u00edmites de contribuci\u00f3n tienden a ser bastante grandes y no es necesario cumplir con un requisito de ingresos m\u00ednimos para comenzar.<\/p>\n\n\n\n<h4 class=\"wp-block-heading\">Cuenta de ahorros para la educaci\u00f3n Coverdell (ESA por sus siglas en ingl\u00e9s)<\/h4>\n\n\n\n<p>Anteriormente conocida como una Cuenta de Jubilaci\u00f3n Individual de Educaci\u00f3n, las ESAs est\u00e1n abiertas a cualquier persona que busque abrir una cuenta en nombre de sus hijos. Puede invertir hasta $ 2,000 por a\u00f1o para la educaci\u00f3n de su hijo, y no solo para la universidad. El dinero que ahorre es elegible para su uso a partir del nivel de kindergarten. Sus contribuciones est\u00e1n libres de impuestos cuando se retiran para gastos educativos calificados como libros.<\/p>\n\n\n\n<h4 class=\"wp-block-heading\">Valor Acumulado De La Vivienda<\/h4>\n\n\n\n<p>Esto puede parecer de la nada, pero algunos padres usan el valor acumulado de la vivienda como una forma de ahorrar para la educaci\u00f3n de sus hijos.<\/p>\n\n\n\n<p>El objetivo es pagar su hipoteca o pagarla por completo. Luego sacar\u00eda un pr\u00e9stamo con garant\u00eda hipotecaria o simplemente usar\u00eda el dinero que ha liberado para pagar la matr\u00edcula. Este camino puede ser beneficioso ya que algunas escuelas no toman en cuenta el valor acumulado de la vivienda al determinar para qu\u00e9 ayuda califica su hijo.<\/p>\n\n\n\n<h3 class=\"wp-block-heading\" id=\"Ayuda-Financiera\">Ayuda Financiera<\/h3>\n\n\n\n<p>Hay varias opciones de ayuda financiera y aprovecharlas es una excelente manera de minimizar o incluso borrar por completo los costos universitarios.<\/p>\n\n\n\n<p>El primer paso es completar el formulario FAFSA y tratar de hacerlo lo m\u00e1s cerca posible al 01 de enero del a\u00f1o en que planea inscribir a su estudiante. Puede comenzar ahora visitando <a href=\"https:\/\/studentaid.gov\/\" target=\"_blank\" rel=\"noreferrer noopener\">StudentAid.gov.<\/a> [ENG]<\/p>\n\n\n\n<p>Las solicitudes en papel tambi\u00e9n est\u00e1n disponibles a trav\u00e9s del departamento de ayuda financiera en la mayor\u00eda de las universidades. El FAFSA determina cu\u00e1nto se espera que contribuya a la educaci\u00f3n de su hijo; esto decide la &#8220;necesidad financiera&#8221; de su hijo.<\/p>\n\n\n\n<p>Cuanto mayor sea la necesidad financiera, m\u00e1s becas o subvenciones puede esperar su estudiante.<\/p>\n\n\n\n<h4 class=\"wp-block-heading\">Beca Federal Pell<\/h4>\n\n\n\n<p>Al igual que otras opciones de ayuda financiera federal, la Beca Pell var\u00eda seg\u00fan el ingreso estimado del hogar, el costo de asistencia de la escuela, si su hijo es un estudiante de tiempo completo o parcial, y si ir\u00e1 a la escuela durante todo el a\u00f1o acad\u00e9mico. Una vez que haya enviado la solicitud FAFSA, su hijo ser\u00e1 considerado autom\u00e1ticamente para esta beca.<\/p>\n\n\n\n<h4 class=\"wp-block-heading\">Becas Federales Suplementarias Para Oportunidades Educativas<\/h4>\n\n\n\n<p>Al igual que la Beca Pell, esto est\u00e1 determinado por el nivel de necesidad de su familia, sin embargo, no todas las escuelas ofrecen esta subvenci\u00f3n. Las Becas Federales Suplementarias de Oportunidades Educativas generalmente se otorgan a estudiantes con niveles m\u00e1s altos de necesidad financiera. Si su hijo califica, podr\u00eda recibir entre $100 y $4,000 por a\u00f1o. El estudiante ser\u00e1 considerado autom\u00e1ticamente para esta subvenci\u00f3n despu\u00e9s de completar la solicitud FAFSA.<\/p>\n\n\n\n<h4 class=\"wp-block-heading\">Otras Becas<\/h4>\n\n\n\n<p>Estas est\u00e1n en todas partes, y no hay l\u00edmite para la cantidad a la que su hijo puede postular. Las becas son dinero gratis que su hijo puede obtener haciendo algo genial, tener una habilidad particular, escribir un ensayo o simplemente existir. Ya sea que es un estudiante nuevo o que regresa, o si usted mismo va a regresar a la escuela, hay algo para todos. Solicite todas y cada una de las becas posibles.<\/p>\n\n\n\n<p>Los consejeros escolares son un gran recurso para encontrar becas que se apliquen a sus circunstancias espec\u00edficas.<\/p>\n\n\n\n<p>Solo aseg\u00farese de cumplir con los plazos y seguir de cerca las instrucciones: no querr\u00e1 ser descalificado por un error.<\/p>\n\n\n\n<h3 class=\"wp-block-heading\" id=\"Su-Hijo-Fue-Aceptado\">Su Hijo Fue Aceptado, \u00bfY Ahora Qu\u00e9?<\/h3>\n\n\n\n<p>Ha solicitado becas, aprovecha otros programas de ayuda financiera y ahora est\u00e1 planeando el semestre de su estudiante. Todav\u00eda hay m\u00e1s formas para ahorrar.<\/p>\n\n\n\n<h4 class=\"wp-block-heading\">Dentro O Fuera Del Campo<\/h4>\n\n\n\n<p>En general, el alojamiento y la comida en el campus son m\u00e1s baratos que las viviendas fuera del campus. Pero este no es siempre el caso. Eche un vistazo al costo del alquiler y la vivienda estudiantil compartida que ofrece el \u00e1rea local. Es posible que se sorprenda de la diferencia.<\/p>\n\n\n\n<h4 class=\"wp-block-heading\">Planes De Comidas<\/h4>\n\n\n\n<p>Estos son ideales para los estudiantes que viven en el campus. Hace que alimentarse sea f\u00e1cil y conveniente, y puede ser mucho m\u00e1s barato que los viajes semanales al supermercado.<\/p>\n\n\n\n<h3 class=\"wp-block-heading\" id=\"Programas-De-Trabajo-Y-Estudio\">Programas De Trabajo Y Estudio<\/h3>\n\n\n\n<p>Estos programas le dan a su hijo otra l\u00ednea para el curr\u00edculum, mientras ahorra en costos de matr\u00edcula. Los programas de trabajo y estudio son trabajos a tiempo parcial dirigidos a estudiantes. Son proporcionados por la escuela, generalmente en el campus, y deben estar en el campo de estudio de su hijo. Pero tambi\u00e9n hay oportunidades fuera del campus con organizaciones sin fines de lucro afiliadas a la escuela. La elegibilidad a menudo est\u00e1 determinada por la necesidad financiera.<\/p>\n\n\n\n<p>Todos estos m\u00e9todos le ayudar\u00e1n a usted y a su hijo a evitar deudas mientras pagan por una educaci\u00f3n. Sin embargo, un paso importante es ense\u00f1arle a su hijo buenas pr\u00e1cticas de finanzas personales, como la forma de presupuestar. En promedio, los estudiantes universitarios tienen alrededor de <a href=\"https:\/\/wallethub.com\/answers\/cc\/average-credit-card-debt-for-college-students-2140670817\/\" target=\"_blank\" rel=\"noreferrer noopener\">$ 3,000<\/a> en deudas de tarjetas de cr\u00e9dito. Ens\u00e9\u00f1eles c\u00f3mo construir cr\u00e9dito de manera responsable. La deuda de pr\u00e9stamos estudiantiles no es el \u00fanico tipo de deuda que deber\u00edan evitar.<\/p>\n","protected":false},"excerpt":{"rendered":"<p>Env\u00ede a sus hijos a la escuela mientras evita la deuda de pr\u00e9stamos estudiantiles. La mayor\u00eda de los padres dicen que ahorrar para la educaci\u00f3n universitaria de sus hijos es m\u00e1s dif\u00edcil de lo que pensaban que ser\u00eda, seg\u00fan una encuesta de investigaci\u00f3n [ENG]. Los padres tambi\u00e9n le dijeron a LendingTree que se sienten culpables [&hellip;]<\/p>\n","protected":false},"author":1,"featured_media":257,"parent":96,"menu_order":0,"comment_status":"closed","ping_status":"closed","template":"page-sidebar","meta":{"_acf_changed":false,"footnotes":""},"categories":[],"tags":[30],"class_list":["post-98","page","type-page","status-publish","has-post-thumbnail","hentry","tag-elaborar-presupuesto"],"acf":[],"featured_image_src":"https:\/\/branded.staging.myfinancial-life.com\/wp-content\/uploads\/sites\/17\/2024\/01\/teen-saving.jpg","featured_image_src_square":"https:\/\/branded.staging.myfinancial-life.com\/wp-content\/uploads\/sites\/17\/2024\/01\/teen-saving.jpg","_links":{"self":[{"href":"https:\/\/branded.staging.myfinancial-life.com\/es\/wp-json\/wp\/v2\/pages\/98","targetHints":{"allow":["GET"]}}],"collection":[{"href":"https:\/\/branded.staging.myfinancial-life.com\/es\/wp-json\/wp\/v2\/pages"}],"about":[{"href":"https:\/\/branded.staging.myfinancial-life.com\/es\/wp-json\/wp\/v2\/types\/page"}],"author":[{"embeddable":true,"href":"https:\/\/branded.staging.myfinancial-life.com\/es\/wp-json\/wp\/v2\/users\/1"}],"replies":[{"embeddable":true,"href":"https:\/\/branded.staging.myfinancial-life.com\/es\/wp-json\/wp\/v2\/comments?post=98"}],"version-history":[{"count":1,"href":"https:\/\/branded.staging.myfinancial-life.com\/es\/wp-json\/wp\/v2\/pages\/98\/revisions"}],"predecessor-version":[{"id":217,"href":"https:\/\/branded.staging.myfinancial-life.com\/es\/wp-json\/wp\/v2\/pages\/98\/revisions\/217"}],"up":[{"embeddable":true,"href":"https:\/\/branded.staging.myfinancial-life.com\/es\/wp-json\/wp\/v2\/pages\/96"}],"wp:featuredmedia":[{"embeddable":true,"href":"https:\/\/branded.staging.myfinancial-life.com\/es\/wp-json\/wp\/v2\/media\/257"}],"wp:attachment":[{"href":"https:\/\/branded.staging.myfinancial-life.com\/es\/wp-json\/wp\/v2\/media?parent=98"}],"wp:term":[{"taxonomy":"category","embeddable":true,"href":"https:\/\/branded.staging.myfinancial-life.com\/es\/wp-json\/wp\/v2\/categories?post=98"},{"taxonomy":"post_tag","embeddable":true,"href":"https:\/\/branded.staging.myfinancial-life.com\/es\/wp-json\/wp\/v2\/tags?post=98"}],"curies":[{"name":"wp","href":"https:\/\/api.w.org\/{rel}","templated":true}]}}