{"id":99,"date":"2023-03-16T14:06:20","date_gmt":"2023-03-16T14:06:20","guid":{"rendered":"https:\/\/branded.staging.myfinancial-life.com\/fundamentos-financieros\/como-ahorrar-para-una-emergencia\/"},"modified":"2024-01-25T18:53:23","modified_gmt":"2024-01-25T18:53:23","slug":"como-ahorrar-para-una-emergencia","status":"publish","type":"page","link":"https:\/\/branded.staging.myfinancial-life.com\/es\/fundamentos-financieros\/como-ahorrar-para-una-emergencia\/","title":{"rendered":"C\u00f3mo ahorrar para una emergencia, incluso si est\u00e1 viviendo de cheque en cheque"},"content":{"rendered":"\n<h2 class=\"wp-block-heading\" id=\"Aprenda-a-planificar-para-lo-peor-antes-de-que-suceda\">Aprenda a planificar para lo peor antes de que suceda.<\/h2>\n\n\n\n<p>Casi 3 de cada 5 personas no pueden pagar una emergencia de $1,000.<\/p>\n\n\n\n<p>Esa sorprendente estad\u00edstica proviene de un informe anual del sitio de finanzas personales <a href=\"https:\/\/www.bankrate.com\/banking\/savings\/emergency-savings-report\/#n3i\" target=\"_blank\" rel=\"noreferrer noopener\">Bankrate<\/a> [ENG]. Pongamos eso en perspectiva: La mayor\u00eda de las visitas a la sala de emergencias para un paciente asegurado <a href=\"https:\/\/www.khealth.com\/learn\/healthcare\/er-visit-cost\/\" target=\"_blank\" rel=\"noreferrer noopener\">cuestan $ 1,100<\/a>. [ENG]<\/p>\n\n\n\n<p>\u00bfReparaciones de autom\u00f3viles? Los expertos en autom\u00f3viles de Cars.com dicen que la mayor\u00eda de las personas pagan entre $ 500 <a href=\"https:\/\/www.cars.com\/articles\/how-much-is-the-average-car-repair-bill-1420694859724\/\" target=\"_blank\" rel=\"noreferrer noopener\">y $ 600,<\/a> y &#8220;1 de cada 3 personas no puede pagarlo sin incurrir en deudas&#8221;.<\/p>\n\n\n\n<p>La vida es desordenada y cara. He aqu\u00ed c\u00f3mo ahorrar para situaciones de emergencia porque enfrentemos los hechos: Los accidentes ocurren.<\/p>\n\n\n\n<p>Puede dar un suspiro de alivio m\u00e1s r\u00e1pido cuando planifica lo inesperado. A continuaci\u00f3n, desglosamos c\u00f3mo.<\/p>\n\n\n\n<h3 class=\"wp-block-heading\" id=\"Por-que-necesita-un-fondo-de-emergencia\">Por qu\u00e9 necesita un fondo de emergencia<\/h3>\n\n\n\n<p>Las emergencias m\u00e9dicas, las reparaciones en el hogar e incluso los desastres naturales son solo parte de la vida. Las personas se apoyan en las tarjetas de cr\u00e9dito cuando no tienen efectivo a mano.<\/p>\n\n\n\n<p>En el <a href=\"https:\/\/www.bankrate.com\/banking\/savings\/emergency-savings-report\/\" target=\"_blank\" rel=\"noreferrer noopener\">informe anual de ahorros de emergencia 2023 de Bankrate<\/a>, con m\u00e1s de 1,000 personas, encontr\u00f3 que 1 de cada 3 debe &#8220;m\u00e1s dinero en deudas de tarjetas de cr\u00e9dito que en ahorros&#8221;.<\/p>\n\n\n\n<p>Ahorrar para lo peor es tan inteligente como hacer dieta y hacer ejercicio hoy en d\u00eda. Si se protege f\u00edsicamente de un desastre natural, tiene sentido protegerse financieramente.<\/p>\n\n\n\n<p>La mayor\u00eda de los expertos en finanzas recomiendan tener al menos cinco o seis meses de gastos reservados en caso de que ocurra una emergencia.<\/p>\n\n\n\n<h3 class=\"wp-block-heading\" id=\"5-maneras-de-generar-ahorros-de-emergencia\">5 maneras de generar ahorros de emergencia r\u00e1pidamente<\/h3>\n\n\n\n<h4 class=\"wp-block-heading\">1. Haz un presupuesto <\/h4>\n\n\n\n<p>Paso No.1 para cualquier meta financiera: Haga un presupuesto. Puede hacerlo con l\u00e1piz y papel, o usar una aplicaci\u00f3n de presupuesto como Mint o Tiller.<\/p>\n\n\n\n<p>Haga una auditor\u00eda de sus finanzas: \u00bfCu\u00e1nto dinero est\u00e1 ganando y gastando? Sea realista y rastree cada peque\u00f1a cosa.<\/p>\n\n\n\n<p>Establezca una lista de prioridades. Hay una gran diferencia entre tu factura mensual de comestibles y tu suscripci\u00f3n a Netflix. El nivel m\u00e1s bajo de la mayor\u00eda de los servicios de transmisi\u00f3n cuesta entre $ 7 y $ 8 por mes. Puede ahorrar f\u00e1cilmente $ 32 en su presupuesto mensual recortando cuatro de ellos.<\/p>\n\n\n\n<h4 class=\"wp-block-heading\">&nbsp;2. Prepare su propia comida y caf\u00e9<\/h4>\n\n\n\n<p>Aunque ya tenga un inventario de su presupuesto. Cualquier dinero que haya liberado puede ir a su fondo de emergencia. En este punto, puede ser creativo.<\/p>\n\n\n\n<p>Haga un &#8220;gasto r\u00e1pido&#8221;. \u00bfEs una persona de caf\u00e9 matutino? Deje de comprar en una tienda y comience a prepararlo en casa y en el trabajo. El precio promedio de una taza de caf\u00e9 hoy en d\u00eda es de $ 4.90, seg\u00fan <a href=\"https:\/\/www.wsj.com\/articles\/coffee-and-pastry-shops-avoid-inflation-backlash-punishing-restaurants-11661160780\" target=\"_blank\" rel=\"noreferrer noopener\">una investigaci\u00f3n del Wall Street Journal y NPD Group.<\/a>[ENG]<\/p>\n\n\n\n<p>Amazon vende un bote de 34 onzas de Folgers por 23 d\u00f3lares. Eso producir\u00e1 <a href=\"https:\/\/www.amazon.com\/Folgers-849103760-FOL00367EA-Coffee\/dp\/B00BOMSLSQ#:~:text=Makes%20up%20to%20270%206%20oz%20cups.\" target=\"_blank\" rel=\"noreferrer noopener\">270 tazas de caf\u00e9<\/a>. Las matem\u00e1ticas son tan claras. Lo mismo ocurre con su presupuesto de alimentos.<\/p>\n\n\n\n<p>Un estudio fascinante muestra que las comidas en restaurantes cuestan un 325 por ciento m\u00e1s que los alimentos hechos en casa.<\/p>\n\n\n\n<p>Las personas en promedio comen fuera seis veces a la semana. <a href=\"https:\/\/www.bls.gov\/news.release\/pdf\/cesan.pdf\" target=\"_blank\" rel=\"noreferrer noopener\">El BLS<\/a> dice que eso suma hasta $ 3,500 anuales, o $ 300 por mes. Planifique sus viajes al supermercado y las comidas semanales. Evite el desperdicio de alimentos guardando lo que no termina.<\/p>\n\n\n\n<h4 class=\"wp-block-heading\">&nbsp;3. Abra una cuenta bancaria con un bono de registro<\/h4>\n\n\n\n<p>Instituciones financieras de renombre como Bank of America y Wells Fargo ofrecen bonos de registro de $100 a $200 simplemente por abrir una cuenta. Otros como BMO y PNC pagan entre $350 y $400.<\/p>\n\n\n\n<p>Por supuesto, hay acuerdos para cada uno. Algunos quieren un dep\u00f3sito m\u00ednimo de $ 25, otros requieren que el titular de la cuenta reciba $ 1,000 en dep\u00f3sitos directos en los primeros tres meses. Necesita una cuenta para acumular sus ahorros de emergencia. Aqu\u00ed hay un incentivo para comenzar y seguir con \u00e9l.<\/p>\n\n\n\n<h4 class=\"wp-block-heading\">&nbsp;4. Establezca un dep\u00f3sito directo a trav\u00e9s del trabajo<\/h4>\n\n\n\n<p>La mayor\u00eda de las compa\u00f1\u00edas pueden dirigir f\u00e1cilmente una parte de su pago a una cuenta designada. Presupuesto para reservar una cantidad tan peque\u00f1a como $50 por cheque de pago quincenal. En un a\u00f1o, esa cuenta tendr\u00e1 $1,300. Duplique la contribuci\u00f3n a $ 100 y tendr\u00e1 $ 2,600. Es probable que ni siquiera note el dinero que falta en cada d\u00eda de pago.<\/p>\n\n\n\n<h4 class=\"wp-block-heading\">&nbsp;5. Un trabajo extra<\/h4>\n\n\n\n<p>Con el aumento de la inflaci\u00f3n, ha habido un aumento en el n\u00famero de personas que trabajan en el lado de las actividades secundarias. M\u00e1s de 4 de cada 10 actualmente generan ingresos adicionales. Eso es un salto del 13 por ciento en el n\u00famero de trabajos m\u00faltiples desde 2020. Incluso un trabajo a $ 15 por 15 horas adicionales por semana, obtendr\u00e1 $ 1,800 antes de impuestos. Es probable que su salario neto genere otros $ 1,000 que puede arrojar directamente al fondo de emergencia.&nbsp;<\/p>\n\n\n\n<h3 class=\"wp-block-heading\" id=\"Como-pagar-una-emergencia\">C\u00f3mo pagar una emergencia sin un fondo de emergencia<\/h3>\n\n\n\n<h4 class=\"wp-block-heading\">Trabaja en el vecindario<\/h4>\n\n\n\n<p>\u00bfEres h\u00e1bil en la casa? Tal vez simplemente tienes herramientas que tus vecinos no tienen. Si usted es due\u00f1o de una cortadora de c\u00e9sped, puede ofrecer cortar el c\u00e9sped a sus vecinos. Esto puede ser tan de la vieja escuela como caminar por el callej\u00f3n sin salida tocando puertas. O una nueva escuela mediante el uso de aplicaciones como TaskRabbit. Esto \u00faltimo hace que sea m\u00e1s f\u00e1cil identificar qui\u00e9n necesita alg\u00fan tipo de trabajo que usted pueda realizar.<\/p>\n\n\n\n<p>Alguien puede necesitar un cambio de aceite en su autom\u00f3vil. Otros pueden necesitar un cuidador de mascotas o un paseador de perros mientras est\u00e1n fuera de la ciudad. No lo sabr\u00e1s hasta que preguntes. No hay nada de malo en arriesgarse y ganar un par de d\u00f3lares extra.<\/p>\n\n\n\n<h4 class=\"wp-block-heading\">Vende tu cabello<\/h4>\n\n\n\n<p>Sitios web como HairSellon y BuyandSellHair.com pagan entre $100 y $1,000 por tu cabello. El precio depende de tu tipo de cabello, calidad y largo. Si vas a hacer que un sal\u00f3n o barbero te barra el cabello para tirarlo a la basura, \u00bfpor qu\u00e9 no ganar algo de dinero extra?<\/p>\n\n\n\n<h4 class=\"wp-block-heading\">Vende tu plasma<\/h4>\n\n\n\n<p>Los investigadores m\u00e9dicos necesitan plasma sangu\u00edneo y est\u00e1n dispuestos a hacerlo. Puede obtener entre $20 y $50 por cada donaci\u00f3n de plasma que realice. Es genial donar a la Cruz Roja Americana. Pero necesita dinero en efectivo, un s\u00e1ndwich y una entrada para el cine gratis no valen la pena.<\/p>\n\n\n\n<p>Puedes encontrar centros privados de donaci\u00f3n de sangre. Pagan y te permiten donar dos veces en una semana.<\/p>\n\n\n\n<h4 class=\"wp-block-heading\">Vender ropa<\/h4>\n\n\n\n<p>Tiendas como Plato&#8217;s Closet o Crossroads Trading Co. pagan por ropa poco usada. Limpia el armario y trae lo que tengas. Por algunas marcas y piezas que est\u00e9n de moda te pueden pagar m\u00e1s que otras, pero es una forma r\u00e1pida de ganar dinero extra.<\/p>\n\n\n\n<h4 class=\"wp-block-heading\">Vender cosas viejas<\/h4>\n\n\n\n<p>Puedes tener una venta de garaje o consultar una casa de antig\u00fcedades local. Con una venta de garaje, puede negociar con los compradores. Es posible que tenga que hacer la tarea sobre lo que est\u00e1 descargando si elige una casa de antig\u00fcedades. No est\u00e1n dispuestos a pagar el valor total. As\u00ed que establezca un precio en el que est\u00e9 feliz de separarse de sus cosas y vea lo que puede obtener.<\/p>\n\n\n\n<h4 class=\"wp-block-heading\">Vender tarjetas de regalo antiguas<\/h4>\n\n\n\n<p>Los sitios web como CardCash.com cambiar\u00e1n sus tarjetas de regalo no utilizadas por dinero. Los d\u00edas festivos y los cumplea\u00f1os pueden dejarlo lleno de tarjetas de regalo para tiendas y restaurantes que nunca visita. No los acumule, v\u00e9ndalos. CardCash.com paga hasta el 92 por ciento del valor de la tarjeta de regalo. Mira, eran regalos de todos modos y necesitas el dinero.<\/p>\n","protected":false},"excerpt":{"rendered":"<p>Aprenda a planificar para lo peor antes de que suceda. Casi 3 de cada 5 personas no pueden pagar una emergencia de $1,000. Esa sorprendente estad\u00edstica proviene de un informe anual del sitio de finanzas personales Bankrate [ENG]. Pongamos eso en perspectiva: La mayor\u00eda de las visitas a la sala de emergencias para un paciente [&hellip;]<\/p>\n","protected":false},"author":1,"featured_media":259,"parent":96,"menu_order":0,"comment_status":"closed","ping_status":"closed","template":"page-sidebar","meta":{"_acf_changed":false,"footnotes":""},"categories":[],"tags":[48],"class_list":["post-99","page","type-page","status-publish","has-post-thumbnail","hentry","tag-fundamentos-bancarios"],"acf":[],"featured_image_src":"https:\/\/branded.staging.myfinancial-life.com\/wp-content\/uploads\/sites\/17\/2024\/01\/save-for-emergency.jpg","featured_image_src_square":"https:\/\/branded.staging.myfinancial-life.com\/wp-content\/uploads\/sites\/17\/2024\/01\/save-for-emergency.jpg","_links":{"self":[{"href":"https:\/\/branded.staging.myfinancial-life.com\/es\/wp-json\/wp\/v2\/pages\/99","targetHints":{"allow":["GET"]}}],"collection":[{"href":"https:\/\/branded.staging.myfinancial-life.com\/es\/wp-json\/wp\/v2\/pages"}],"about":[{"href":"https:\/\/branded.staging.myfinancial-life.com\/es\/wp-json\/wp\/v2\/types\/page"}],"author":[{"embeddable":true,"href":"https:\/\/branded.staging.myfinancial-life.com\/es\/wp-json\/wp\/v2\/users\/1"}],"replies":[{"embeddable":true,"href":"https:\/\/branded.staging.myfinancial-life.com\/es\/wp-json\/wp\/v2\/comments?post=99"}],"version-history":[{"count":1,"href":"https:\/\/branded.staging.myfinancial-life.com\/es\/wp-json\/wp\/v2\/pages\/99\/revisions"}],"predecessor-version":[{"id":216,"href":"https:\/\/branded.staging.myfinancial-life.com\/es\/wp-json\/wp\/v2\/pages\/99\/revisions\/216"}],"up":[{"embeddable":true,"href":"https:\/\/branded.staging.myfinancial-life.com\/es\/wp-json\/wp\/v2\/pages\/96"}],"wp:featuredmedia":[{"embeddable":true,"href":"https:\/\/branded.staging.myfinancial-life.com\/es\/wp-json\/wp\/v2\/media\/259"}],"wp:attachment":[{"href":"https:\/\/branded.staging.myfinancial-life.com\/es\/wp-json\/wp\/v2\/media?parent=99"}],"wp:term":[{"taxonomy":"category","embeddable":true,"href":"https:\/\/branded.staging.myfinancial-life.com\/es\/wp-json\/wp\/v2\/categories?post=99"},{"taxonomy":"post_tag","embeddable":true,"href":"https:\/\/branded.staging.myfinancial-life.com\/es\/wp-json\/wp\/v2\/tags?post=99"}],"curies":[{"name":"wp","href":"https:\/\/api.w.org\/{rel}","templated":true}]}}